{"id":736,"date":"2024-08-14T19:01:43","date_gmt":"2024-08-14T17:01:43","guid":{"rendered":"https:\/\/lelienmagique.fr\/?page_id=736"},"modified":"2025-04-16T22:50:07","modified_gmt":"2025-04-16T20:50:07","slug":"pour-aller-plus-loin","status":"publish","type":"page","link":"https:\/\/lelienmagique.fr\/index.php\/pour-aller-plus-loin\/","title":{"rendered":"Pour aller plus loin"},"content":{"rendered":"\t\t<div data-elementor-type=\"wp-page\" data-elementor-id=\"736\" class=\"elementor elementor-736\" data-elementor-post-type=\"page\">\n\t\t\t\t<div class=\"elementor-element elementor-element-6dc2a2f e-flex e-con-boxed e-con e-parent\" data-id=\"6dc2a2f\" data-element_type=\"container\">\n\t\t\t\t\t<div class=\"e-con-inner\">\n\t\t\t\t<div class=\"elementor-element elementor-element-cbcaf47 elementor-widget elementor-widget-text-editor\" data-id=\"cbcaf47\" data-element_type=\"widget\" data-widget_type=\"text-editor.default\">\n\t\t\t\t<div class=\"elementor-widget-container\">\n\t\t\t\t\t\t\t\t\t<p>Si vous souhaitez investir en vous, afin d&rsquo;aider votre cheval mais aussi tous les autres chevaux que vous aurez la chance de croiser.<\/p><p>Si vous souhaitez mettre en pratique au <strong>sol<\/strong> et\/ou <strong>mont\u00e9<\/strong>, pour du <strong>loisir<\/strong> ou de la <strong>comp\u00e9tition<\/strong>, les principes d&rsquo;apprentissage des chevaux, pour aller vers une relation encore plus belle, alors plusieurs solutions s&rsquo;offrent \u00e0 vous.<\/p><ul><li>Si vous avez besoin d&rsquo;une personne \u00e0 vos c\u00f4t\u00e9s, pour vous rassurer, vous motiver, &#8230; nous avons la chance d&rsquo;avoir au moins deux personnes form\u00e9es par Andy, qui sont des professionnelles en \u00e9quitation \u00e9thologique, et qui se sont install\u00e9es dans notre r\u00e9gion ( cette liste n&rsquo;est certainement pas compl\u00e8te, je mets ici les personnes avec lesquelles j&rsquo;ai eu le plaisir de pouvoir \u00e9changer )<br \/><ul style=\"list-style-type: circle;\"><li><strong>Jeanne-Charlotte Faivre<\/strong> qui saura vous apporter ce petit plus, tellement grand, pour am\u00e9liorer vos performances en comp\u00e9tition (celle de votre cheval mais \u00e9galement les v\u00f4tres).<p><a href=\"https:\/\/www.facebook.com\/jeannecharlotte.thoby.10\">Lien vers sa page Facebook<\/a><br \/><a href=\"https:\/\/lelienmagique.fr\/index.php\/jeanne-charlotte-faivre\/\">Lien vers sa pr\u00e9sentation<\/a><\/p><ul style=\"list-style-type: circle;\"><li><strong>Camille Fuentes<\/strong> qui saura vous guider sur le chemin des Step d&rsquo;Andy puisqu&rsquo;elle passe son Step 3 pro du cursus HSI, apr\u00e8s avoir valid\u00e9 son BFEE2.<\/li><\/ul><\/li><\/ul><\/li><\/ul><p><a href=\"https:\/\/www.facebook.com\/camille.fuentes.31\">Lien vers sa page Facebook<\/a><\/p><ul><li style=\"list-style-type: none;\"><ul style=\"list-style-type: circle;\"><li><strong>Sara Picaud<\/strong>, sp\u00e9cialis\u00e9e en \u00e9quitation \u00e9thologique (form\u00e9e \u00e0 La Cense avec Andy Booth), qui propose un accompagnement individualis\u00e9 pour tous types de chevaux, avec une expertise particuli\u00e8re dans le travail des jeunes chevaux et le d\u00e9bourrage. Elle accueille \u00e9galement des chevaux en pension, et intervient pour des cours, des stages ou du travail \u00e0 la carte dans la r\u00e9gion de Chaillac. <span role=\"gridcell\"><a class=\"x1i10hfl xjbqb8w x1ejq31n xd10rxx x1sy0etr x17r0tee x972fbf xcfux6l x1qhh985 xm0m39n x9f619 x1ypdohk xt0psk2 xe8uvvx xdj266r x11i5rnm xat24cr x1mh8g0r xexx8yu x4uap5 x18d9i69 xkhd6sd x16tdsg8 xggy1nq x1a2a7pz x1s688f x1heor9g x1bvjpef xujl8zx\" tabindex=\"-1\" role=\"link\" href=\"http:\/\/www.equirelation.fr\/?fbclid=IwZXh0bgNhZW0CMTAAAR5LRz8qBEtXBaPhNNTlwOKev2Dr5oUCWsYmx87ZeHJkXVJuyv9nIYdmoqCOEQ_aem_4ns_BXbb2IGy_1r-jF7AAQ\" target=\"_blank\" rel=\"nofollow noopener noreferrer\">www.equirelation.fr<\/a><\/span><\/li><\/ul><\/li><\/ul><ul><li>Si vous \u00eates plut\u00f4t du genre \u00e0 trouver votre propre motivation, \u00e0 avoir besoin de prendre votre temps pour tout comprendre, et que vous \u00eates du genre \u00e0 voir et revoir des vid\u00e9os pour apprendre, alors je ne peux que vous encourager \u00e0 investir dans les formations des Step d&rsquo;<strong>Andy Booth.<br \/><\/strong><p><a href=\"https:\/\/www.andybooth.fr\/formation-en-ligne\/step-1-en-ligne\/\">Lien vers sa page d&rsquo;informations<\/a><\/p><\/li><\/ul>\t\t\t\t\t\t\t\t<\/div>\n\t\t\t\t<\/div>\n\t\t\t\t\t<\/div>\n\t\t\t\t<\/div>\n\t\t\t\t<\/div>\n\t\t","protected":false},"excerpt":{"rendered":"<p>Si vous souhaitez investir en vous, afin d&rsquo;aider votre cheval mais aussi tous les autres chevaux que vous aurez la chance de croiser. Si vous souhaitez mettre en pratique au sol et\/ou mont\u00e9, pour du loisir ou de la comp\u00e9tition, les principes d&rsquo;apprentissage des chevaux, pour aller vers une relation encore plus belle, alors plusieurs&#8230;<\/p>\n","protected":false},"author":1,"featured_media":0,"parent":0,"menu_order":0,"comment_status":"closed","ping_status":"closed","template":"","meta":{"_monsterinsights_skip_tracking":false,"_monsterinsights_sitenote_active":false,"_monsterinsights_sitenote_note":"","_monsterinsights_sitenote_category":0,"_kad_post_transparent":"","_kad_post_title":"hide","_kad_post_layout":"fullwidth","_kad_post_sidebar_id":"","_kad_post_content_style":"unboxed","_kad_post_vertical_padding":"hide","_kad_post_feature":"hide","_kad_post_feature_position":"","_kad_post_header":false,"_kad_post_footer":false,"footnotes":""},"class_list":["post-736","page","type-page","status-publish","hentry"],"aioseo_notices":[],"_links":{"self":[{"href":"https:\/\/lelienmagique.fr\/index.php\/wp-json\/wp\/v2\/pages\/736","targetHints":{"allow":["GET"]}}],"collection":[{"href":"https:\/\/lelienmagique.fr\/index.php\/wp-json\/wp\/v2\/pages"}],"about":[{"href":"https:\/\/lelienmagique.fr\/index.php\/wp-json\/wp\/v2\/types\/page"}],"author":[{"embeddable":true,"href":"https:\/\/lelienmagique.fr\/index.php\/wp-json\/wp\/v2\/users\/1"}],"replies":[{"embeddable":true,"href":"https:\/\/lelienmagique.fr\/index.php\/wp-json\/wp\/v2\/comments?post=736"}],"version-history":[{"count":62,"href":"https:\/\/lelienmagique.fr\/index.php\/wp-json\/wp\/v2\/pages\/736\/revisions"}],"predecessor-version":[{"id":1207,"href":"https:\/\/lelienmagique.fr\/index.php\/wp-json\/wp\/v2\/pages\/736\/revisions\/1207"}],"wp:attachment":[{"href":"https:\/\/lelienmagique.fr\/index.php\/wp-json\/wp\/v2\/media?parent=736"}],"curies":[{"name":"wp","href":"https:\/\/api.w.org\/{rel}","templated":true}]}}