{"id":328,"date":"2024-04-11T21:33:43","date_gmt":"2024-04-11T19:33:43","guid":{"rendered":"https:\/\/lelienmagique.fr\/?page_id=328"},"modified":"2024-04-16T22:32:58","modified_gmt":"2024-04-16T20:32:58","slug":"mon-chemin-avec-les-chevaux","status":"publish","type":"page","link":"https:\/\/lelienmagique.fr\/index.php\/mon-chemin-avec-les-chevaux\/","title":{"rendered":"Mon chemin vers les chevaux"},"content":{"rendered":"\t\t<div data-elementor-type=\"wp-page\" data-elementor-id=\"328\" class=\"elementor elementor-328\" data-elementor-post-type=\"page\">\n\t\t\t\t<div class=\"elementor-element elementor-element-3c341568 e-flex e-con-boxed e-con e-parent\" data-id=\"3c341568\" data-element_type=\"container\">\n\t\t\t\t\t<div class=\"e-con-inner\">\n\t\t\t\t<div class=\"elementor-element elementor-element-30ea0aaa elementor-widget elementor-widget-text-editor\" data-id=\"30ea0aaa\" data-element_type=\"widget\" data-widget_type=\"text-editor.default\">\n\t\t\t\t<div class=\"elementor-widget-container\">\n\t\t\t\t\t\t\t\t\t\n<p>Sans rentrer dans les d\u00e9tails, je vous fais une petite pr\u00e9sentation rapide, sous forme d&rsquo;un mini reportage photos dans lequel vous trouverez en liens les vid\u00e9os et les formations qui m&rsquo;ont beaucoup apport\u00e9es.<\/p>\n\n<div class=\"wp-block-media-text is-stacked-on-mobile\">\n<figure class=\"wp-block-media-text__media\"><img decoding=\"async\" class=\"wp-image-394 size-full\" src=\"https:\/\/lelienmagique.fr\/wp-content\/uploads\/2024\/04\/DSC00107.jpg\" alt=\"\" \/><\/figure>\n<div class=\"wp-block-media-text__content\">\n<p>Cavali\u00e8re \u00e0 14 ans, je passe mon galop 5 et ma famille me permet de partager la vie d&rsquo;une petit trotteuse adorable, qui a fait preuve d&rsquo;une patience infinie avec moi, malgr\u00e9 toutes mes erreurs commises du fait de mon manque de connaissances sur le cheval.<\/p>\n<\/div>\n<\/div>\n\n<div class=\"wp-block-media-text has-media-on-the-right is-stacked-on-mobile\">\n<div class=\"wp-block-media-text__content\">\n<p>Elle devient en vieillissant une parfaite jument de famille et ayant entre temps pu m&rsquo;installer je d\u00e9cide de la ramener aupr\u00e8s de moi et de lui trouver une amie.<\/p>\n<\/div>\n<figure class=\"wp-block-media-text__media\"><img decoding=\"async\" class=\"wp-image-398 size-full\" src=\"https:\/\/lelienmagique.fr\/wp-content\/uploads\/2024\/04\/IMG_7298.jpg\" alt=\"\" \/><\/figure>\n<\/div>\n\n<div class=\"wp-block-media-text is-stacked-on-mobile\">\n<figure class=\"wp-block-media-text__media\"><img decoding=\"async\" class=\"wp-image-395 size-full\" src=\"https:\/\/lelienmagique.fr\/wp-content\/uploads\/2024\/04\/20160326_095925.jpg\" alt=\"\" \/><\/figure>\n<div class=\"wp-block-media-text__content\">\n<p>C&rsquo;est \u00e0 ce moment que je croise le chemin de ma petite quarter horse. A la suite d&rsquo;une tr\u00e8s mauvaise exp\u00e9rience lors d&rsquo;une phase d&rsquo;essai en vue d&rsquo;un achat, elle a perdu confiance en l&rsquo;humain. Heureusement elle avait grandi dans une maison id\u00e9ale pour les chevaux et a \u00e9t\u00e9 emmen\u00e9e dans le centre \u00e9questre o\u00f9 montaient mes enfants. C&rsquo;est l\u00e0 que nos chemins se sont crois\u00e9s.<\/p>\n<\/div>\n<\/div>\n\n<div class=\"wp-block-media-text has-media-on-the-right is-stacked-on-mobile\">\n<div class=\"wp-block-media-text__content\">\n<p>C&rsquo;est ainsi que ma jolie jument au grand c\u0153ur finira ses jours entour\u00e9e de son petit troupeau. Quand \u00e0 ma jeune jument, elle garde dans un coin de sa t\u00eate ce mois de maltraitance et je me rends compte que certaines de ses r\u00e9actions sont dangereuses pour moi et mes enfants, et que ce que j&rsquo;ai appris jusque l\u00e0 ne fonctionne pas.<\/p>\n\n<p>En cherchant des solutions, je tombe sur des vid\u00e9os d&rsquo;un Australien avec son chapeau de cowboy que j&rsquo;\u00e9coute, les premi\u00e8res minutes, un peu septique.<\/p>\n\n<p>Ses propos me parlent car en l&rsquo;\u00e9coutant je trouve les sources et les raisons des probl\u00e8mes que j&rsquo;avais pu rencontrer, par le pass\u00e9, avec les diff\u00e9rents chevaux dont j&rsquo;avais crois\u00e9 le chemin.<\/p>\n<\/div>\n<figure class=\"wp-block-media-text__media\"><img decoding=\"async\" class=\"wp-image-399 size-full\" src=\"https:\/\/lelienmagique.fr\/wp-content\/uploads\/2024\/04\/IMG_9633.jpg\" alt=\"\" \/><\/figure>\n<\/div>\n\n<p>Je vous mets en lien sa page Youtube, sur laquelle vous trouverez pleins de vid\u00e9os en libre acc\u00e8s.<\/p>\n<div class=\"wp-block-image\">\n<figure class=\"aligncenter size-full\"><a href=\"https:\/\/www.youtube.com\/@AndyBoothHorsemanScience\" target=\"_blank\" rel=\"noreferrer noopener\"><img fetchpriority=\"high\" decoding=\"async\" width=\"2120\" height=\"351\" class=\"wp-image-426\" src=\"https:\/\/lelienmagique.fr\/wp-content\/uploads\/2024\/04\/andy_booth_banner.jpg\" alt=\"\" \/><\/a><\/figure>\n<\/div>\n<div class=\"wp-block-media-text is-stacked-on-mobile\">\n<figure class=\"wp-block-media-text__media\"><img decoding=\"async\" class=\"wp-image-421 size-full\" src=\"https:\/\/lelienmagique.fr\/wp-content\/uploads\/2024\/04\/IMG_7524-001.jpg\" alt=\"\" \/><\/figure>\n<div class=\"wp-block-media-text__content\">\n<p>Je fais alors un stage avec mon ancien instructeur qui a lui aussi crois\u00e9 le chemin d\u2019Andy Booth et qui a remis \u00e0 plat toutes ses pratiques, tout en conservant la technique \u00e9questre qui est la sienne. Ce stage me donne encore plus envie d\u2019en savoir plus.<\/p>\n\n<p><a href=\"https:\/\/www.philipperichard-equitation.fr\" target=\"_blank\" rel=\"noreferrer noopener\"><img decoding=\"async\" class=\"wp-image-451 size-full aligncenter\" src=\"https:\/\/lelienmagique.fr\/wp-content\/uploads\/2024\/04\/logo_philippe_richard-1.png\" alt=\"\" width=\"424\" height=\"123\" \/><\/a><\/p>\n<\/div>\n<\/div>\n\n<div class=\"wp-block-media-text has-media-on-the-right is-stacked-on-mobile\">\n<div class=\"wp-block-media-text__content\">\n<p>\u00a0<\/p>\n<p>Puis le covid arrive, les vacances sont annul\u00e9es, un budget est du coup lib\u00e9r\u00e9. Et me voil\u00e0 en route sur le Step 1. Mon chemin vers les chevaux prend alors une tr\u00e8s l\u00e9g\u00e8re bifurcation, je ne sais pas encore \u00e0 quel point ce l\u00e9ger changement de direction va m\u2019emmener loin ! Vers des horizons que je n&rsquo;imaginais m\u00eame pas en r\u00eave. Mais non sans heurt puisque je prend conscience de toutes mes erreurs commises jusque l\u00e0. La bonne nouvelle \u00e9tant, qu&rsquo;au moins ces erreurs l\u00e0, je ne les referai plus ! Je comprends alors que je suis en train de cr\u00e9er un lien entre mon univers et celui des chevaux. J\u2019obtiens la validation de mon Step 1 et cela valide au passage les savoirs \u00e9thologiques 1, 2 et 3.<\/p>\n<\/div>\n<figure class=\"wp-block-media-text__media\"><img decoding=\"async\" class=\"wp-image-400 size-full\" src=\"https:\/\/lelienmagique.fr\/wp-content\/uploads\/2024\/04\/IMG_0226.jpg\" alt=\"\" \/><\/figure>\n<\/div>\n\n<div class=\"wp-block-media-text is-stacked-on-mobile\">\n<figure class=\"wp-block-media-text__media\"><img decoding=\"async\" class=\"wp-image-403 size-full\" src=\"https:\/\/lelienmagique.fr\/wp-content\/uploads\/2024\/04\/1-_MG_4836.jpg\" alt=\"\" \/><\/figure>\n<div class=\"wp-block-media-text__content\">\n<p>Une fois ce lien d\u00e9but\u00e9, impossible pour moi de m&rsquo;arr\u00eater, je commence \u00e0 parler un langage que les chevaux peuvent comprendre et il y a tellement de choses \u00e0 faire pour am\u00e9liorer ce langage l\u00e0, avec des r\u00e9sultats si gratifiants, que j&rsquo;encha\u00eene sur le Step 2 (1 an de formation tout de m\u00eame).<\/p>\n<\/div>\n<\/div>\n\n<div class=\"wp-block-media-text has-media-on-the-right is-stacked-on-mobile\">\n<div class=\"wp-block-media-text__content\">\n<p>Ma jument, tellement patiente avec moi, me permet de valider mon Step 2 (oui elle elle peut apprendre en 2 secondes, mais moi, il me faut un peu plus de temps, du coup heureusement qu&rsquo;elle me pardonne mes impr\u00e9cisions et que chaque essai me fait progresser). Le Step 2 me permet \u00e9galement de valider mes savoirs \u00e9thologiques 4 et 5.<\/p>\n<\/div>\n<figure class=\"wp-block-media-text__media\"><img decoding=\"async\" class=\"wp-image-402 size-full\" src=\"https:\/\/lelienmagique.fr\/wp-content\/uploads\/2024\/04\/IMG_6968-1.jpg\" alt=\"\" \/><\/figure>\n<\/div>\n\n<p>Je me rends compte que le lien est vraiment l\u00e0, qu\u2019il est cr\u00e9\u00e9, solide, et qu\u2019il est beaucoup plus rapide \u00e0 cr\u00e9er avec n\u2019importe quel autre cheval. Ce n\u2019est pas un langage que j&rsquo;ai appris \u00e0 utiliser, ce que j&rsquo;ai appris c&rsquo;est \u00e0 cr\u00e9er un langage qui nous permette d&rsquo;\u00e9tablir ce lien.<\/p>\n<p>Ces formations repr\u00e9sentent donc, pour moi, de v\u00e9ritables mines d\u2019or, surtout quand on a la chance comme moi, de pouvoir utiliser des infrastructures de super qualit\u00e9 avec des professionnels de l\u2019\u00e9quitation, qui ne jugent pas, laissent tout le monde faire \u00e0 sa fa\u00e7on, tant que l\u2019on reste dans le respect du cheval \u00e9videmment.<\/p>\n\n<p>Je vous mets en lien le site sur lequel vous trouverez tous les renseignements sur ces formations en ligne.<\/p>\n<div class=\"wp-block-image\">\n<figure class=\"aligncenter size-full\"><a href=\"https:\/\/www.andybooth.fr\" target=\"_blank\" rel=\"noreferrer noopener\"><img decoding=\"async\" width=\"180\" height=\"189\" class=\"wp-image-419\" src=\"https:\/\/lelienmagique.fr\/wp-content\/uploads\/2024\/04\/logo-andybooth-noir-1.png\" alt=\"\" \/><\/a><\/figure>\n<\/div>\n<p>Apr\u00e8s quelques mois de maladie, je me rel\u00e8ve, gr\u00e2ce \u00e0 l\u2019appui de tous mes proches pour le mental et des petites vid\u00e9os en ligne d\u2019une amie de jeunesse qui s\u2019est sp\u00e9cialis\u00e9e dans le coaching des cavaliers, pour le c\u00f4t\u00e9 physique. Je vous partage ici le lien vers ses vid\u00e9os en libre acc\u00e8s sur Youtube :<\/p>\n\n<figure class=\"wp-block-image size-full\"><a href=\"https:\/\/www.youtube.com\/@equi-sport2014\" target=\"_blank\" rel=\"noreferrer noopener\"><img loading=\"lazy\" decoding=\"async\" width=\"2120\" height=\"351\" class=\"wp-image-424\" src=\"https:\/\/lelienmagique.fr\/wp-content\/uploads\/2024\/04\/equisport_banner.jpg\" alt=\"\" \/><\/a><\/figure>\n\n<p>Vous noterez au passage qu\u2019elle aussi a totalement modifi\u00e9 sa fa\u00e7on d\u2019aborder l\u2019\u00e9quitation, m\u00eame si nos chemins se sont s\u00e9par\u00e9s bien avant ces changements.<\/p>\n\n<p>Et la motivation suppl\u00e9mentaire qui a occup\u00e9 pas mal des heures pass\u00e9es dans ma chambre d\u2019h\u00f4pital, c\u2019est le d\u00e9marrage du step 3, avec la d\u00e9couverte du Horseman Club, la perspective de poursuivre la construction de ce lien a \u00e9t\u00e9 mon super dopage \u00e0 moi.<\/p>\n\n<p>C\u2019est au cours de cette formation, qu\u2019un d\u00e9clic a eu lieu et que notre lien est devenu magique\u00a0!<\/p>\n\n<p>Bien-s\u00fbr je sais qu\u2019aucune magie n\u2019est pr\u00e9sente l\u00e0-dedans mais lorsqu\u2019on parle sans aucun effort et que le cheval qui est avec nous semble lire dans nos pens\u00e9es, je vous assure que l\u2019on a l\u2019impression que c\u2019est de la magie.<\/p>\n\n<p>Et alors l\u00e0, c\u2019est juste l\u2019instant qui devient unique. Le temps s\u2019arr\u00eate. Vous ne savez m\u00eame plus si ce que vous faites avec votre cheval, c\u2019est vous qui le lui avez demand\u00e9, ou bien si c\u2019est lui qui vous l\u2019a propos\u00e9.<\/p>\n\n<p>C\u2019est vraiment ces petits instants de bonheur total et partag\u00e9s que je vous souhaite de vivre avec les chevaux qui croiseront votre route, du plus profond de mon c\u0153ur.<\/p>\n\t\t\t\t\t\t\t\t<\/div>\n\t\t\t\t<\/div>\n\t\t\t\t\t<\/div>\n\t\t\t\t<\/div>\n\t\t\t\t<\/div>\n\t\t","protected":false},"excerpt":{"rendered":"<p>Sans rentrer dans les d\u00e9tails, je vous fais une petite pr\u00e9sentation rapide, sous forme d&rsquo;un mini reportage photos dans lequel vous trouverez en liens les vid\u00e9os et les formations qui m&rsquo;ont beaucoup apport\u00e9es. Cavali\u00e8re \u00e0 14 ans, je passe mon galop 5 et ma famille me permet de partager la vie d&rsquo;une petit trotteuse adorable,&#8230;<\/p>\n","protected":false},"author":1,"featured_media":0,"parent":0,"menu_order":0,"comment_status":"closed","ping_status":"closed","template":"","meta":{"_monsterinsights_skip_tracking":false,"_monsterinsights_sitenote_active":false,"_monsterinsights_sitenote_note":"","_monsterinsights_sitenote_category":0,"_kad_post_transparent":"","_kad_post_title":"hide","_kad_post_layout":"fullwidth","_kad_post_sidebar_id":"","_kad_post_content_style":"unboxed","_kad_post_vertical_padding":"hide","_kad_post_feature":"hide","_kad_post_feature_position":"","_kad_post_header":false,"_kad_post_footer":false,"footnotes":""},"class_list":["post-328","page","type-page","status-publish","hentry"],"aioseo_notices":[],"_links":{"self":[{"href":"https:\/\/lelienmagique.fr\/index.php\/wp-json\/wp\/v2\/pages\/328","targetHints":{"allow":["GET"]}}],"collection":[{"href":"https:\/\/lelienmagique.fr\/index.php\/wp-json\/wp\/v2\/pages"}],"about":[{"href":"https:\/\/lelienmagique.fr\/index.php\/wp-json\/wp\/v2\/types\/page"}],"author":[{"embeddable":true,"href":"https:\/\/lelienmagique.fr\/index.php\/wp-json\/wp\/v2\/users\/1"}],"replies":[{"embeddable":true,"href":"https:\/\/lelienmagique.fr\/index.php\/wp-json\/wp\/v2\/comments?post=328"}],"version-history":[{"count":29,"href":"https:\/\/lelienmagique.fr\/index.php\/wp-json\/wp\/v2\/pages\/328\/revisions"}],"predecessor-version":[{"id":461,"href":"https:\/\/lelienmagique.fr\/index.php\/wp-json\/wp\/v2\/pages\/328\/revisions\/461"}],"wp:attachment":[{"href":"https:\/\/lelienmagique.fr\/index.php\/wp-json\/wp\/v2\/media?parent=328"}],"curies":[{"name":"wp","href":"https:\/\/api.w.org\/{rel}","templated":true}]}}