{"id":1807,"date":"2026-01-03T18:16:28","date_gmt":"2026-01-03T17:16:28","guid":{"rendered":"https:\/\/lelienmagique.fr\/?page_id=1807"},"modified":"2026-01-04T10:37:10","modified_gmt":"2026-01-04T09:37:10","slug":"mes-offres-speciales","status":"publish","type":"page","link":"https:\/\/lelienmagique.fr\/index.php\/mes-offres-speciales\/","title":{"rendered":"Mes offres sp\u00e9ciales"},"content":{"rendered":"\t\t<div data-elementor-type=\"wp-page\" data-elementor-id=\"1807\" class=\"elementor elementor-1807\" data-elementor-post-type=\"page\">\n\t\t\t\t<div class=\"elementor-element elementor-element-19cd661 e-flex e-con-boxed e-con e-parent\" data-id=\"19cd661\" data-element_type=\"container\">\n\t\t\t\t\t<div class=\"e-con-inner\">\n\t\t\t\t<div class=\"elementor-element elementor-element-923ad10 elementor-widget elementor-widget-heading\" data-id=\"923ad10\" data-element_type=\"widget\" data-widget_type=\"heading.default\">\n\t\t\t\t<div class=\"elementor-widget-container\">\n\t\t\t\t\t<h2 class=\"elementor-heading-title elementor-size-default\">Mes offres sp\u00e9ciales<\/h2>\t\t\t\t<\/div>\n\t\t\t\t<\/div>\n\t\t\t\t<div class=\"elementor-element elementor-element-842c1db elementor-widget elementor-widget-text-editor\" data-id=\"842c1db\" data-element_type=\"widget\" data-widget_type=\"text-editor.default\">\n\t\t\t\t<div class=\"elementor-widget-container\">\n\t\t\t\t\t\t\t\t\t<p>Lorsque j&rsquo;ai r\u00e9ceptionn\u00e9 les crins de votre cheval, que je les ai lav\u00e9s, puis tri\u00e9s et que vous avez choisi le bijou de vos r\u00eaves, une partie de mon travail est d\u00e9j\u00e0 fait. Cela me permet de cr\u00e9er pour vous d&rsquo;autres bijoux \u00e0 des prix encore plus doux \ud83d\ude0a. Elles seront amen\u00e9es \u00e0 \u00e9voluer gr\u00e2ce \u00e0 vous \ud83d\ude09. Bien-s\u00fbr elles sont toutes cumulables \ud83d\udcab.<\/p>\t\t\t\t\t\t\t\t<\/div>\n\t\t\t\t<\/div>\n\t\t\t\t\t<\/div>\n\t\t\t\t<\/div>\n\t\t<div class=\"elementor-element elementor-element-90403ed e-flex e-con-boxed e-con e-parent\" data-id=\"90403ed\" data-element_type=\"container\">\n\t\t\t\t\t<div class=\"e-con-inner\">\n\t\t\t\t<div class=\"elementor-element elementor-element-9139c1a elementor-widget elementor-widget-n-accordion\" data-id=\"9139c1a\" data-element_type=\"widget\" data-settings=\"{&quot;default_state&quot;:&quot;expanded&quot;,&quot;max_items_expended&quot;:&quot;one&quot;,&quot;n_accordion_animation_duration&quot;:{&quot;unit&quot;:&quot;ms&quot;,&quot;size&quot;:400,&quot;sizes&quot;:[]}}\" data-widget_type=\"nested-accordion.default\">\n\t\t\t\t<div class=\"elementor-widget-container\">\n\t\t\t\t\t\t\t<div class=\"e-n-accordion\" aria-label=\"Accordion. Open links with Enter or Space, close with Escape, and navigate with Arrow Keys\">\n\t\t\t\t\t\t<details id=\"e-n-accordion-item-1520\" class=\"e-n-accordion-item\" open>\n\t\t\t\t<summary class=\"e-n-accordion-item-title\" data-accordion-index=\"1\" tabindex=\"0\" aria-expanded=\"true\" aria-controls=\"e-n-accordion-item-1520\" >\n\t\t\t\t\t<span class='e-n-accordion-item-title-header'><div class=\"e-n-accordion-item-title-text\"> Vous n'envisagez pas de porter votre bracelet par peur qu'il ne s'ab\u00eeme ? <\/div><\/span>\n\t\t\t\t\t\t\t<span class='e-n-accordion-item-title-icon'>\n\t\t\t<span class='e-opened' ><svg aria-hidden=\"true\" class=\"e-font-icon-svg e-fas-minus\" viewBox=\"0 0 448 512\" xmlns=\"http:\/\/www.w3.org\/2000\/svg\"><path d=\"M416 208H32c-17.67 0-32 14.33-32 32v32c0 17.67 14.33 32 32 32h384c17.67 0 32-14.33 32-32v-32c0-17.67-14.33-32-32-32z\"><\/path><\/svg><\/span>\n\t\t\t<span class='e-closed'><svg aria-hidden=\"true\" class=\"e-font-icon-svg e-fas-plus\" viewBox=\"0 0 448 512\" xmlns=\"http:\/\/www.w3.org\/2000\/svg\"><path d=\"M416 208H272V64c0-17.67-14.33-32-32-32h-32c-17.67 0-32 14.33-32 32v144H32c-17.67 0-32 14.33-32 32v32c0 17.67 14.33 32 32 32h144v144c0 17.67 14.33 32 32 32h32c17.67 0 32-14.33 32-32V304h144c17.67 0 32-14.33 32-32v-32c0-17.67-14.33-32-32-32z\"><\/path><\/svg><\/span>\n\t\t<\/span>\n\n\t\t\t\t\t\t<\/summary>\n\t\t\t\t<div role=\"region\" aria-labelledby=\"e-n-accordion-item-1520\" class=\"elementor-element elementor-element-d37f2b6 e-con-full e-flex e-con e-child\" data-id=\"d37f2b6\" data-element_type=\"container\">\n\t\t<div role=\"region\" aria-labelledby=\"e-n-accordion-item-1520\" class=\"elementor-element elementor-element-4978dcf e-flex e-con-boxed e-con e-child\" data-id=\"4978dcf\" data-element_type=\"container\">\n\t\t\t\t\t<div class=\"e-con-inner\">\n\t\t\t\t<div class=\"elementor-element elementor-element-13b8237 elementor-widget elementor-widget-text-editor\" data-id=\"13b8237\" data-element_type=\"widget\" data-widget_type=\"text-editor.default\">\n\t\t\t\t<div class=\"elementor-widget-container\">\n\t\t\t\t\t\t\t\t\t<p><span style=\"text-decoration: underline;\"><strong>Offre n\u00b01<\/strong><\/span> : Si les crins de votre cheval sont assez longs, je peux faire une tresse assez longue pour r\u00e9aliser deux bracelets.<\/p><p>Le travail pour moi est alors en partie d\u00e9j\u00e0 fait.<\/p><p>Cela me permet de vous proposer le deuxi\u00e8me bracelet<span style=\"text-decoration: underline;\"><strong> identique<\/strong><\/span> (m\u00eame \u00e9paisseur, m\u00eames fils), \u00e0 moiti\u00e9 prix !<\/p><p>Ainsi vous avez un bracelet \u00e0 porter et un autre \u00e0 conserver bien pr\u00e9cieusement en souvenir.<\/p>\t\t\t\t\t\t\t\t<\/div>\n\t\t\t\t<\/div>\n\t\t\t\t\t<\/div>\n\t\t\t\t<\/div>\n\t\t\t\t<\/div>\n\t\t\t\t\t<\/details>\n\t\t\t\t\t\t<details id=\"e-n-accordion-item-1521\" class=\"e-n-accordion-item\" >\n\t\t\t\t<summary class=\"e-n-accordion-item-title\" data-accordion-index=\"2\" tabindex=\"-1\" aria-expanded=\"false\" aria-controls=\"e-n-accordion-item-1521\" >\n\t\t\t\t\t<span class='e-n-accordion-item-title-header'><div class=\"e-n-accordion-item-title-text\"> Vous aimez la vari\u00e9t\u00e9 et vous n'arrivez pas \u00e0 choisir ? <\/div><\/span>\n\t\t\t\t\t\t\t<span class='e-n-accordion-item-title-icon'>\n\t\t\t<span class='e-opened' ><svg aria-hidden=\"true\" class=\"e-font-icon-svg e-fas-minus\" viewBox=\"0 0 448 512\" xmlns=\"http:\/\/www.w3.org\/2000\/svg\"><path d=\"M416 208H32c-17.67 0-32 14.33-32 32v32c0 17.67 14.33 32 32 32h384c17.67 0 32-14.33 32-32v-32c0-17.67-14.33-32-32-32z\"><\/path><\/svg><\/span>\n\t\t\t<span class='e-closed'><svg aria-hidden=\"true\" class=\"e-font-icon-svg e-fas-plus\" viewBox=\"0 0 448 512\" xmlns=\"http:\/\/www.w3.org\/2000\/svg\"><path d=\"M416 208H272V64c0-17.67-14.33-32-32-32h-32c-17.67 0-32 14.33-32 32v144H32c-17.67 0-32 14.33-32 32v32c0 17.67 14.33 32 32 32h144v144c0 17.67 14.33 32 32 32h32c17.67 0 32-14.33 32-32V304h144c17.67 0 32-14.33 32-32v-32c0-17.67-14.33-32-32-32z\"><\/path><\/svg><\/span>\n\t\t<\/span>\n\n\t\t\t\t\t\t<\/summary>\n\t\t\t\t<div role=\"region\" aria-labelledby=\"e-n-accordion-item-1521\" class=\"elementor-element elementor-element-4ffd5a5 e-con-full e-flex e-con e-child\" data-id=\"4ffd5a5\" data-element_type=\"container\">\n\t\t<div role=\"region\" aria-labelledby=\"e-n-accordion-item-1521\" class=\"elementor-element elementor-element-052575d e-flex e-con-boxed e-con e-child\" data-id=\"052575d\" data-element_type=\"container\">\n\t\t\t\t\t<div class=\"e-con-inner\">\n\t\t\t\t<div class=\"elementor-element elementor-element-80004a3 elementor-widget elementor-widget-text-editor\" data-id=\"80004a3\" data-element_type=\"widget\" data-widget_type=\"text-editor.default\">\n\t\t\t\t<div class=\"elementor-widget-container\">\n\t\t\t\t\t\t\t\t\t<p><span style=\"text-decoration: underline;\"><strong>Offre n\u00b02<\/strong><\/span> : J&rsquo;applique une r\u00e9duction de 5 \u20ac sur chaque bijou \u00e0 r\u00e9aliser avec les crins d\u00e9j\u00e0 pr\u00e9par\u00e9s par mes soins.\u00a0<\/p><p>Cela peut ainsi vous permettre de vous offrir un petit plaisir suppl\u00e9mentaire \u00e0 un prix r\u00e9duit \ud83c\udf89. Et si vous n&rsquo;avez pas le budget pour tout de suite, je peux conserver vos crins durant un an, et appliquer cette offre quand vous le souhaitez \ud83d\ude09.<\/p>\t\t\t\t\t\t\t\t<\/div>\n\t\t\t\t<\/div>\n\t\t\t\t\t<\/div>\n\t\t\t\t<\/div>\n\t\t\t\t<\/div>\n\t\t\t\t\t<\/details>\n\t\t\t\t\t\t<details id=\"e-n-accordion-item-1522\" class=\"e-n-accordion-item\" >\n\t\t\t\t<summary class=\"e-n-accordion-item-title\" data-accordion-index=\"3\" tabindex=\"-1\" aria-expanded=\"false\" aria-controls=\"e-n-accordion-item-1522\" >\n\t\t\t\t\t<span class='e-n-accordion-item-title-header'><div class=\"e-n-accordion-item-title-text\"> Vous souhaitez avoir le porte clef ou le bijou de sac assorti \u00e0 votre bracelet ? <\/div><\/span>\n\t\t\t\t\t\t\t<span class='e-n-accordion-item-title-icon'>\n\t\t\t<span class='e-opened' ><svg aria-hidden=\"true\" class=\"e-font-icon-svg e-fas-minus\" viewBox=\"0 0 448 512\" xmlns=\"http:\/\/www.w3.org\/2000\/svg\"><path d=\"M416 208H32c-17.67 0-32 14.33-32 32v32c0 17.67 14.33 32 32 32h384c17.67 0 32-14.33 32-32v-32c0-17.67-14.33-32-32-32z\"><\/path><\/svg><\/span>\n\t\t\t<span class='e-closed'><svg aria-hidden=\"true\" class=\"e-font-icon-svg e-fas-plus\" viewBox=\"0 0 448 512\" xmlns=\"http:\/\/www.w3.org\/2000\/svg\"><path d=\"M416 208H272V64c0-17.67-14.33-32-32-32h-32c-17.67 0-32 14.33-32 32v144H32c-17.67 0-32 14.33-32 32v32c0 17.67 14.33 32 32 32h144v144c0 17.67 14.33 32 32 32h32c17.67 0 32-14.33 32-32V304h144c17.67 0 32-14.33 32-32v-32c0-17.67-14.33-32-32-32z\"><\/path><\/svg><\/span>\n\t\t<\/span>\n\n\t\t\t\t\t\t<\/summary>\n\t\t\t\t<div role=\"region\" aria-labelledby=\"e-n-accordion-item-1522\" class=\"elementor-element elementor-element-9a0af76 e-flex e-con-boxed e-con e-child\" data-id=\"9a0af76\" data-element_type=\"container\">\n\t\t\t\t\t<div class=\"e-con-inner\">\n\t\t<div role=\"region\" aria-labelledby=\"e-n-accordion-item-1522\" class=\"elementor-element elementor-element-0b58406 e-con-full e-flex e-con e-child\" data-id=\"0b58406\" data-element_type=\"container\">\n\t\t\t\t<div class=\"elementor-element elementor-element-5badb6e elementor-widget elementor-widget-text-editor\" data-id=\"5badb6e\" data-element_type=\"widget\" data-widget_type=\"text-editor.default\">\n\t\t\t\t<div class=\"elementor-widget-container\">\n\t\t\t\t\t\t\t\t\t<p><span style=\"text-decoration: underline;\"><strong>Offre n\u00b03<\/strong><\/span> : Remise de 5\u20ac sur le porte-clefs et\/ou bijou de sac.<\/p>\t\t\t\t\t\t\t\t<\/div>\n\t\t\t\t<\/div>\n\t\t\t\t<\/div>\n\t\t\t\t\t<\/div>\n\t\t\t\t<\/div>\n\t\t\t\t\t<\/details>\n\t\t\t\t\t\t<details id=\"e-n-accordion-item-1523\" class=\"e-n-accordion-item\" >\n\t\t\t\t<summary class=\"e-n-accordion-item-title\" data-accordion-index=\"4\" tabindex=\"-1\" aria-expanded=\"false\" aria-controls=\"e-n-accordion-item-1523\" >\n\t\t\t\t\t<span class='e-n-accordion-item-title-header'><div class=\"e-n-accordion-item-title-text\"> Vous voulez un maximum de souvenirs \"physiques\" en plus de tous les merveilleux moments que vous avez d\u00e9j\u00e0 partag\u00e9s avec votre cheval ? <\/div><\/span>\n\t\t\t\t\t\t\t<span class='e-n-accordion-item-title-icon'>\n\t\t\t<span class='e-opened' ><svg aria-hidden=\"true\" class=\"e-font-icon-svg e-fas-minus\" viewBox=\"0 0 448 512\" xmlns=\"http:\/\/www.w3.org\/2000\/svg\"><path d=\"M416 208H32c-17.67 0-32 14.33-32 32v32c0 17.67 14.33 32 32 32h384c17.67 0 32-14.33 32-32v-32c0-17.67-14.33-32-32-32z\"><\/path><\/svg><\/span>\n\t\t\t<span class='e-closed'><svg aria-hidden=\"true\" class=\"e-font-icon-svg e-fas-plus\" viewBox=\"0 0 448 512\" xmlns=\"http:\/\/www.w3.org\/2000\/svg\"><path d=\"M416 208H272V64c0-17.67-14.33-32-32-32h-32c-17.67 0-32 14.33-32 32v144H32c-17.67 0-32 14.33-32 32v32c0 17.67 14.33 32 32 32h144v144c0 17.67 14.33 32 32 32h32c17.67 0 32-14.33 32-32V304h144c17.67 0 32-14.33 32-32v-32c0-17.67-14.33-32-32-32z\"><\/path><\/svg><\/span>\n\t\t<\/span>\n\n\t\t\t\t\t\t<\/summary>\n\t\t\t\t<div role=\"region\" aria-labelledby=\"e-n-accordion-item-1523\" class=\"elementor-element elementor-element-21cd753 e-flex e-con-boxed e-con e-child\" data-id=\"21cd753\" data-element_type=\"container\">\n\t\t\t\t\t<div class=\"e-con-inner\">\n\t\t<div role=\"region\" aria-labelledby=\"e-n-accordion-item-1523\" class=\"elementor-element elementor-element-1f81e55 e-con-full e-flex e-con e-child\" data-id=\"1f81e55\" data-element_type=\"container\">\n\t\t\t\t<div class=\"elementor-element elementor-element-6740a1b elementor-widget elementor-widget-text-editor\" data-id=\"6740a1b\" data-element_type=\"widget\" data-widget_type=\"text-editor.default\">\n\t\t\t\t<div class=\"elementor-widget-container\">\n\t\t\t\t\t\t\t\t\t<p><span style=\"text-decoration: underline;\"><strong>Offre n\u00b04<\/strong><\/span> : Il arrive que nos chemins se s\u00e9parent et dans ce cas, quelle qu&rsquo;en soit la raison, ce n&rsquo;est jamais facile&#8230;\ud83d\udc94<\/p><p>Si je peux vous apporter un peu de r\u00e9confort gr\u00e2ce \u00e0 mes cr\u00e9ations, cela me remplit de gratitude.<\/p><p>C&rsquo;est pourquoi, apr\u00e8s avoir \u00e9chang\u00e9 sur ce que vous souhaitez, je vous dis si je peux le r\u00e9aliser et je cherche toujours \u00e0 vous proposer un tarif le plus int\u00e9ressant possible, afin que vous puissiez recevoir un maximum de souvenirs.\u00a0<\/p><p>De plus, je prends soin de ne perdre aucun crin, car je les sais encore plus pr\u00e9cieux.<\/p><p>Je vous tiens \u00e9galement au courant de chaque \u00e9tape des r\u00e9alisations.<\/p><p>Bref, j&rsquo;essaie de prendre grand soin de vous \u2764\ufe0f\u200d\ud83e\ude79.<\/p>\t\t\t\t\t\t\t\t<\/div>\n\t\t\t\t<\/div>\n\t\t\t\t<\/div>\n\t\t\t\t\t<\/div>\n\t\t\t\t<\/div>\n\t\t\t\t\t<\/details>\n\t\t\t\t\t\t<details id=\"e-n-accordion-item-1524\" class=\"e-n-accordion-item\" >\n\t\t\t\t<summary class=\"e-n-accordion-item-title\" data-accordion-index=\"5\" tabindex=\"-1\" aria-expanded=\"false\" aria-controls=\"e-n-accordion-item-1524\" >\n\t\t\t\t\t<span class='e-n-accordion-item-title-header'><div class=\"e-n-accordion-item-title-text\"> Vous poss\u00e9dez une structure \u00e9questre et vous souhaitez offrir un petit cadeau \u00e0 vos pensionnaires ? <\/div><\/span>\n\t\t\t\t\t\t\t<span class='e-n-accordion-item-title-icon'>\n\t\t\t<span class='e-opened' ><svg aria-hidden=\"true\" class=\"e-font-icon-svg e-fas-minus\" viewBox=\"0 0 448 512\" xmlns=\"http:\/\/www.w3.org\/2000\/svg\"><path d=\"M416 208H32c-17.67 0-32 14.33-32 32v32c0 17.67 14.33 32 32 32h384c17.67 0 32-14.33 32-32v-32c0-17.67-14.33-32-32-32z\"><\/path><\/svg><\/span>\n\t\t\t<span class='e-closed'><svg aria-hidden=\"true\" class=\"e-font-icon-svg e-fas-plus\" viewBox=\"0 0 448 512\" xmlns=\"http:\/\/www.w3.org\/2000\/svg\"><path d=\"M416 208H272V64c0-17.67-14.33-32-32-32h-32c-17.67 0-32 14.33-32 32v144H32c-17.67 0-32 14.33-32 32v32c0 17.67 14.33 32 32 32h144v144c0 17.67 14.33 32 32 32h32c17.67 0 32-14.33 32-32V304h144c17.67 0 32-14.33 32-32v-32c0-17.67-14.33-32-32-32z\"><\/path><\/svg><\/span>\n\t\t<\/span>\n\n\t\t\t\t\t\t<\/summary>\n\t\t\t\t<div role=\"region\" aria-labelledby=\"e-n-accordion-item-1524\" class=\"elementor-element elementor-element-6b0d18a e-flex e-con-boxed e-con e-child\" data-id=\"6b0d18a\" data-element_type=\"container\">\n\t\t\t\t\t<div class=\"e-con-inner\">\n\t\t<div role=\"region\" aria-labelledby=\"e-n-accordion-item-1524\" class=\"elementor-element elementor-element-91a9976 e-con-full e-flex e-con e-child\" data-id=\"91a9976\" data-element_type=\"container\">\n\t\t\t\t<div class=\"elementor-element elementor-element-919e54f elementor-widget elementor-widget-text-editor\" data-id=\"919e54f\" data-element_type=\"widget\" data-widget_type=\"text-editor.default\">\n\t\t\t\t<div class=\"elementor-widget-container\">\n\t\t\t\t\t\t\t\t\t<p><span style=\"text-decoration: underline;\"><strong>Offre n\u00b05<\/strong><\/span> : Je r\u00e9alise pour eux un bijou unique qui n&rsquo;est pas propos\u00e9 sur le site afin que le prix reste secret entre vous et moi \ud83e\udd2b!<\/p><p>Vous devenez alors un de mes partenaires et plusieurs surprises vous attendent \ud83d\ude00.<\/p><p>Pour en savoir plus sur cette offre incroyable, je dirai m\u00eame magique \ud83e\ude84, n&rsquo;h\u00e9sitez pas \u00e0 me contacter pour que je vous en dise plus.<\/p><p>Et oui, ici je ne peux rien \u00e9crire de plus sans g\u00e2cher vos surprises \ud83c\udf81\u2728.<\/p>\t\t\t\t\t\t\t\t<\/div>\n\t\t\t\t<\/div>\n\t\t\t\t<\/div>\n\t\t\t\t\t<\/div>\n\t\t\t\t<\/div>\n\t\t\t\t\t<\/details>\n\t\t\t\t\t\t<details id=\"e-n-accordion-item-1525\" class=\"e-n-accordion-item\" >\n\t\t\t\t<summary class=\"e-n-accordion-item-title\" data-accordion-index=\"6\" tabindex=\"-1\" aria-expanded=\"false\" aria-controls=\"e-n-accordion-item-1525\" >\n\t\t\t\t\t<span class='e-n-accordion-item-title-header'><div class=\"e-n-accordion-item-title-text\"> Vous voulez lui offrir un bijou, mais vous ne voulez pas choisir \u00e0 sa place ? <\/div><\/span>\n\t\t\t\t\t\t\t<span class='e-n-accordion-item-title-icon'>\n\t\t\t<span class='e-opened' ><svg aria-hidden=\"true\" class=\"e-font-icon-svg e-fas-minus\" viewBox=\"0 0 448 512\" xmlns=\"http:\/\/www.w3.org\/2000\/svg\"><path d=\"M416 208H32c-17.67 0-32 14.33-32 32v32c0 17.67 14.33 32 32 32h384c17.67 0 32-14.33 32-32v-32c0-17.67-14.33-32-32-32z\"><\/path><\/svg><\/span>\n\t\t\t<span class='e-closed'><svg aria-hidden=\"true\" class=\"e-font-icon-svg e-fas-plus\" viewBox=\"0 0 448 512\" xmlns=\"http:\/\/www.w3.org\/2000\/svg\"><path d=\"M416 208H272V64c0-17.67-14.33-32-32-32h-32c-17.67 0-32 14.33-32 32v144H32c-17.67 0-32 14.33-32 32v32c0 17.67 14.33 32 32 32h144v144c0 17.67 14.33 32 32 32h32c17.67 0 32-14.33 32-32V304h144c17.67 0 32-14.33 32-32v-32c0-17.67-14.33-32-32-32z\"><\/path><\/svg><\/span>\n\t\t<\/span>\n\n\t\t\t\t\t\t<\/summary>\n\t\t\t\t<div role=\"region\" aria-labelledby=\"e-n-accordion-item-1525\" class=\"elementor-element elementor-element-0218193 e-flex e-con-boxed e-con e-child\" data-id=\"0218193\" data-element_type=\"container\">\n\t\t\t\t\t<div class=\"e-con-inner\">\n\t\t<div role=\"region\" aria-labelledby=\"e-n-accordion-item-1525\" class=\"elementor-element elementor-element-65e1aa0 e-con-full e-flex e-con e-child\" data-id=\"65e1aa0\" data-element_type=\"container\">\n\t\t\t\t<div class=\"elementor-element elementor-element-0234065 elementor-widget elementor-widget-text-editor\" data-id=\"0234065\" data-element_type=\"widget\" data-widget_type=\"text-editor.default\">\n\t\t\t\t<div class=\"elementor-widget-container\">\n\t\t\t\t\t\t\t\t\t<p>Le bon cadeau est fait pour vous !<\/p><p><span style=\"text-decoration: underline;\"><strong>Offre n\u00b06<\/strong><\/span> : Si vous souhaitez par exemple lui offrir un bracelet \u00e0 25\u20ac, comme il faut pr\u00e9voir 5 \u20ac de frais de port (sauf si vous habitez dans mon secteur), vous me verserez la somme de 30\u20ac.<\/p><p>Ainsi il ne lui restera plus qu&rsquo;\u00e0 choisir sans d\u00e9bourser un centime !\u00a0<\/p><p>De mon c\u00f4t\u00e9, je vous envoie un bon cadeau par mail ou par la poste, suivant votre choix.<\/p><p>Et comme j&rsquo;adore participer \u00e0 des cadeaux\ud83c\udf81, je vous offre l&rsquo;envoi par la poste du bon \u00e0 personnaliser avec un petit message qui est \u00e0 \u00e9crire au dos (\u00e7a, ce sera votre travail \ud83d\ude05) et une enveloppe toute belle pour mettre encore plus en valeur votre cadeau.\u2728<\/p>\t\t\t\t\t\t\t\t<\/div>\n\t\t\t\t<\/div>\n\t\t\t\t<div class=\"elementor-element elementor-element-bbe1838 elementor-widget elementor-widget-image\" data-id=\"bbe1838\" data-element_type=\"widget\" data-widget_type=\"image.default\">\n\t\t\t\t<div class=\"elementor-widget-container\">\n\t\t\t\t\t\t\t\t\t\t\t\t\t\t\t<img fetchpriority=\"high\" decoding=\"async\" width=\"900\" height=\"506\" src=\"https:\/\/lelienmagique.fr\/wp-content\/uploads\/2026\/01\/IMG_20251108_082112-1024x576.jpg\" class=\"attachment-large size-large wp-image-1878\" alt=\"\" srcset=\"https:\/\/lelienmagique.fr\/wp-content\/uploads\/2026\/01\/IMG_20251108_082112-1024x576.jpg 1024w, https:\/\/lelienmagique.fr\/wp-content\/uploads\/2026\/01\/IMG_20251108_082112-300x169.jpg 300w, https:\/\/lelienmagique.fr\/wp-content\/uploads\/2026\/01\/IMG_20251108_082112-768x432.jpg 768w, https:\/\/lelienmagique.fr\/wp-content\/uploads\/2026\/01\/IMG_20251108_082112-1536x864.jpg 1536w, https:\/\/lelienmagique.fr\/wp-content\/uploads\/2026\/01\/IMG_20251108_082112-2048x1152.jpg 2048w, https:\/\/lelienmagique.fr\/wp-content\/uploads\/2026\/01\/IMG_20251108_082112-600x338.jpg 600w\" sizes=\"(max-width: 900px) 100vw, 900px\" \/>\t\t\t\t\t\t\t\t\t\t\t\t\t\t\t<\/div>\n\t\t\t\t<\/div>\n\t\t\t\t<\/div>\n\t\t\t\t\t<\/div>\n\t\t\t\t<\/div>\n\t\t\t\t\t<\/details>\n\t\t\t\t\t<\/div>\n\t\t\t\t\t\t<\/div>\n\t\t\t\t<\/div>\n\t\t<div class=\"elementor-element elementor-element-7cab5c4 e-con-full e-flex e-con e-child\" data-id=\"7cab5c4\" data-element_type=\"container\">\n\t\t\t\t<\/div>\n\t\t\t\t\t<\/div>\n\t\t\t\t<\/div>\n\t\t<div class=\"elementor-element elementor-element-15ef0a8 e-flex e-con-boxed e-con e-parent\" data-id=\"15ef0a8\" data-element_type=\"container\">\n\t\t\t\t\t<div class=\"e-con-inner\">\n\t\t\t\t\t<\/div>\n\t\t\t\t<\/div>\n\t\t\t\t<\/div>\n\t\t","protected":false},"excerpt":{"rendered":"<p>Mes offres sp\u00e9ciales Vous ne portez pas votre bracelet par peur qu&rsquo;il ne s&rsquo;ab\u00eeme ? Si les crins de votre cheval sont assez longs, je peux faire une tresse assez longue pour r\u00e9aliser deux bracelets. Le travail est pour moi est alors en partie d\u00e9j\u00e0 fait. Cela me permet de vous proposer le deuxi\u00e8me bracelet&#8230;<\/p>\n","protected":false},"author":1,"featured_media":0,"parent":0,"menu_order":0,"comment_status":"closed","ping_status":"closed","template":"","meta":{"_monsterinsights_skip_tracking":false,"_monsterinsights_sitenote_active":false,"_monsterinsights_sitenote_note":"","_monsterinsights_sitenote_category":0,"_kad_post_transparent":"","_kad_post_title":"hide","_kad_post_layout":"fullwidth","_kad_post_sidebar_id":"","_kad_post_content_style":"unboxed","_kad_post_vertical_padding":"hide","_kad_post_feature":"hide","_kad_post_feature_position":"","_kad_post_header":false,"_kad_post_footer":false,"footnotes":""},"class_list":["post-1807","page","type-page","status-publish","hentry"],"aioseo_notices":[],"_links":{"self":[{"href":"https:\/\/lelienmagique.fr\/index.php\/wp-json\/wp\/v2\/pages\/1807","targetHints":{"allow":["GET"]}}],"collection":[{"href":"https:\/\/lelienmagique.fr\/index.php\/wp-json\/wp\/v2\/pages"}],"about":[{"href":"https:\/\/lelienmagique.fr\/index.php\/wp-json\/wp\/v2\/types\/page"}],"author":[{"embeddable":true,"href":"https:\/\/lelienmagique.fr\/index.php\/wp-json\/wp\/v2\/users\/1"}],"replies":[{"embeddable":true,"href":"https:\/\/lelienmagique.fr\/index.php\/wp-json\/wp\/v2\/comments?post=1807"}],"version-history":[{"count":40,"href":"https:\/\/lelienmagique.fr\/index.php\/wp-json\/wp\/v2\/pages\/1807\/revisions"}],"predecessor-version":[{"id":1889,"href":"https:\/\/lelienmagique.fr\/index.php\/wp-json\/wp\/v2\/pages\/1807\/revisions\/1889"}],"wp:attachment":[{"href":"https:\/\/lelienmagique.fr\/index.php\/wp-json\/wp\/v2\/media?parent=1807"}],"curies":[{"name":"wp","href":"https:\/\/api.w.org\/{rel}","templated":true}]}}