{"id":1570,"date":"2025-11-22T22:30:07","date_gmt":"2025-11-22T21:30:07","guid":{"rendered":"https:\/\/lelienmagique.fr\/?page_id=1570"},"modified":"2026-01-04T16:22:47","modified_gmt":"2026-01-04T15:22:47","slug":"tisse","status":"publish","type":"page","link":"https:\/\/lelienmagique.fr\/index.php\/tisse\/","title":{"rendered":"Tiss\u00e9"},"content":{"rendered":"\t\t<div data-elementor-type=\"wp-page\" data-elementor-id=\"1570\" class=\"elementor elementor-1570\" data-elementor-post-type=\"page\">\n\t\t\t\t<div class=\"elementor-element elementor-element-16cc432 e-flex e-con-boxed e-con e-parent\" data-id=\"16cc432\" data-element_type=\"container\">\n\t\t\t\t\t<div class=\"e-con-inner\">\n\t\t<div class=\"elementor-element elementor-element-f140593 e-con-full e-flex e-con e-child\" data-id=\"f140593\" data-element_type=\"container\">\n\t\t\t\t<div class=\"elementor-element elementor-element-ead5dea elementor-widget elementor-widget-text-editor\" data-id=\"ead5dea\" data-element_type=\"widget\" data-widget_type=\"text-editor.default\">\n\t\t\t\t<div class=\"elementor-widget-container\">\n\t\t\t\t\t\t\t\t\t<iframe title=\"YouTube video player\" src=\"https:\/\/www.youtube.com\/embed\/vORVLj5yyXY?si=fmBLUc-hlpfweFS5\" width=\"50\" frameborder=\"0\" allowfullscreen=\"allowfullscreen\"><\/iframe>\n\t\t\t\t\t\t\t\t<\/div>\n\t\t\t\t<\/div>\n\t\t\t\t<div class=\"elementor-element elementor-element-5a03cf6 elementor-widget elementor-widget-text-editor\" data-id=\"5a03cf6\" data-element_type=\"widget\" data-widget_type=\"text-editor.default\">\n\t\t\t\t<div class=\"elementor-widget-container\">\n\t\t\t\t\t\t\t\t\t<iframe title=\"YouTube video player\" src=\"https:\/\/www.youtube.com\/embed\/EcoBoyBJzTw?si=JBYgLDygswQNDlfA\" width=\"50\" frameborder=\"0\" allowfullscreen=\"allowfullscreen\"><\/iframe>\t\t\t\t\t\t\t\t<\/div>\n\t\t\t\t<\/div>\n\t\t\t\t<\/div>\n\t\t\t\t<div class=\"elementor-element elementor-element-17b7e68 elementor-widget elementor-widget-heading\" data-id=\"17b7e68\" data-element_type=\"widget\" data-widget_type=\"heading.default\">\n\t\t\t\t<div class=\"elementor-widget-container\">\n\t\t\t\t\t<h1 class=\"elementor-heading-title elementor-size-default\">Tiss\u00e9<\/h1>\t\t\t\t<\/div>\n\t\t\t\t<\/div>\n\t\t<div class=\"elementor-element elementor-element-c0c9a4f e-con-full e-flex e-con e-child\" data-id=\"c0c9a4f\" data-element_type=\"container\">\n\t\t\t\t<div class=\"elementor-element elementor-element-d55b74a elementor-widget__width-auto elementor-view-default elementor-widget elementor-widget-icon\" data-id=\"d55b74a\" data-element_type=\"widget\" data-widget_type=\"icon.default\">\n\t\t\t\t<div class=\"elementor-widget-container\">\n\t\t\t\t\t\t\t<div class=\"elementor-icon-wrapper\">\n\t\t\t<div class=\"elementor-icon\">\n\t\t\t<svg aria-hidden=\"true\" class=\"e-font-icon-svg e-fas-angle-right\" viewBox=\"0 0 256 512\" xmlns=\"http:\/\/www.w3.org\/2000\/svg\"><path d=\"M224.3 273l-136 136c-9.4 9.4-24.6 9.4-33.9 0l-22.6-22.6c-9.4-9.4-9.4-24.6 0-33.9l96.4-96.4-96.4-96.4c-9.4-9.4-9.4-24.6 0-33.9L54.3 103c9.4-9.4 24.6-9.4 33.9 0l136 136c9.5 9.4 9.5 24.6.1 34z\"><\/path><\/svg>\t\t\t<\/div>\n\t\t<\/div>\n\t\t\t\t\t\t<\/div>\n\t\t\t\t<\/div>\n\t\t\t\t<div class=\"elementor-element elementor-element-85e9743 elementor-widget__width-auto elementor-widget elementor-widget-text-editor\" data-id=\"85e9743\" data-element_type=\"widget\" data-widget_type=\"text-editor.default\">\n\t\t\t\t<div class=\"elementor-widget-container\">\n\t\t\t\t\t\t\t\t\t<p>Choisissez votre type de tissage<\/p>\t\t\t\t\t\t\t\t<\/div>\n\t\t\t\t<\/div>\n\t\t\t\t<\/div>\n\t\t\t\t<div class=\"elementor-element elementor-element-10bc758 elementor-widget__width-auto elementor-widget elementor-widget-text-editor\" data-id=\"10bc758\" data-element_type=\"widget\" data-widget_type=\"text-editor.default\">\n\t\t\t\t<div class=\"elementor-widget-container\">\n\t\t\t\t\t\t\t\t\t<p>Il est possible de r\u00e9aliser plusieurs types de tissages, et de jouer ainsi avec les diff\u00e9rentes couleurs des crins de votre cheval.\u00a0<\/p>\t\t\t\t\t\t\t\t<\/div>\n\t\t\t\t<\/div>\n\t\t\t\t<div class=\"elementor-element elementor-element-dca8c30 elementor-widget elementor-widget-image\" data-id=\"dca8c30\" data-element_type=\"widget\" data-widget_type=\"image.default\">\n\t\t\t\t<div class=\"elementor-widget-container\">\n\t\t\t\t\t\t\t\t\t\t\t\t\t\t\t<img fetchpriority=\"high\" decoding=\"async\" width=\"900\" height=\"506\" src=\"https:\/\/lelienmagique.fr\/wp-content\/uploads\/2025\/11\/IMG_20251123_114101-1024x576.jpg\" class=\"attachment-large size-large wp-image-1626\" alt=\"\" srcset=\"https:\/\/lelienmagique.fr\/wp-content\/uploads\/2025\/11\/IMG_20251123_114101-1024x576.jpg 1024w, https:\/\/lelienmagique.fr\/wp-content\/uploads\/2025\/11\/IMG_20251123_114101-300x169.jpg 300w, https:\/\/lelienmagique.fr\/wp-content\/uploads\/2025\/11\/IMG_20251123_114101-768x432.jpg 768w, https:\/\/lelienmagique.fr\/wp-content\/uploads\/2025\/11\/IMG_20251123_114101-1536x864.jpg 1536w, https:\/\/lelienmagique.fr\/wp-content\/uploads\/2025\/11\/IMG_20251123_114101-2048x1152.jpg 2048w, https:\/\/lelienmagique.fr\/wp-content\/uploads\/2025\/11\/IMG_20251123_114101-600x338.jpg 600w\" sizes=\"(max-width: 900px) 100vw, 900px\" \/>\t\t\t\t\t\t\t\t\t\t\t\t\t\t\t<\/div>\n\t\t\t\t<\/div>\n\t\t<div class=\"elementor-element elementor-element-e1bbd33 e-con-full e-flex e-con e-child\" data-id=\"e1bbd33\" data-element_type=\"container\">\n\t\t\t\t<div class=\"elementor-element elementor-element-edea3dc elementor-widget__width-auto elementor-view-default elementor-widget elementor-widget-icon\" data-id=\"edea3dc\" data-element_type=\"widget\" data-widget_type=\"icon.default\">\n\t\t\t\t<div class=\"elementor-widget-container\">\n\t\t\t\t\t\t\t<div class=\"elementor-icon-wrapper\">\n\t\t\t<div class=\"elementor-icon\">\n\t\t\t<svg aria-hidden=\"true\" class=\"e-font-icon-svg e-fas-angle-right\" viewBox=\"0 0 256 512\" xmlns=\"http:\/\/www.w3.org\/2000\/svg\"><path d=\"M224.3 273l-136 136c-9.4 9.4-24.6 9.4-33.9 0l-22.6-22.6c-9.4-9.4-9.4-24.6 0-33.9l96.4-96.4-96.4-96.4c-9.4-9.4-9.4-24.6 0-33.9L54.3 103c9.4-9.4 24.6-9.4 33.9 0l136 136c9.5 9.4 9.5 24.6.1 34z\"><\/path><\/svg>\t\t\t<\/div>\n\t\t<\/div>\n\t\t\t\t\t\t<\/div>\n\t\t\t\t<\/div>\n\t\t\t\t<div class=\"elementor-element elementor-element-a996271 elementor-widget__width-auto elementor-widget elementor-widget-text-editor\" data-id=\"a996271\" data-element_type=\"widget\" data-widget_type=\"text-editor.default\">\n\t\t\t\t<div class=\"elementor-widget-container\">\n\t\t\t\t\t\t\t\t\t<p>Choisissez vos fils.<\/p>\t\t\t\t\t\t\t\t<\/div>\n\t\t\t\t<\/div>\n\t\t\t\t<\/div>\n\t\t\t\t<div class=\"elementor-element elementor-element-e134d19 elementor-widget elementor-widget-image\" data-id=\"e134d19\" data-element_type=\"widget\" data-widget_type=\"image.default\">\n\t\t\t\t<div class=\"elementor-widget-container\">\n\t\t\t\t\t\t\t\t\t\t\t\t\t\t\t<img decoding=\"async\" width=\"900\" height=\"506\" src=\"https:\/\/lelienmagique.fr\/wp-content\/uploads\/2025\/11\/IMG_20251123_114408-1024x576.jpg\" class=\"attachment-large size-large wp-image-1628\" alt=\"\" srcset=\"https:\/\/lelienmagique.fr\/wp-content\/uploads\/2025\/11\/IMG_20251123_114408-1024x576.jpg 1024w, https:\/\/lelienmagique.fr\/wp-content\/uploads\/2025\/11\/IMG_20251123_114408-300x169.jpg 300w, https:\/\/lelienmagique.fr\/wp-content\/uploads\/2025\/11\/IMG_20251123_114408-768x432.jpg 768w, https:\/\/lelienmagique.fr\/wp-content\/uploads\/2025\/11\/IMG_20251123_114408-1536x864.jpg 1536w, https:\/\/lelienmagique.fr\/wp-content\/uploads\/2025\/11\/IMG_20251123_114408-2048x1152.jpg 2048w, https:\/\/lelienmagique.fr\/wp-content\/uploads\/2025\/11\/IMG_20251123_114408-600x338.jpg 600w\" sizes=\"(max-width: 900px) 100vw, 900px\" \/>\t\t\t\t\t\t\t\t\t\t\t\t\t\t\t<\/div>\n\t\t\t\t<\/div>\n\t\t\t\t<div class=\"elementor-element elementor-element-27c0d44 elementor-widget elementor-widget-image\" data-id=\"27c0d44\" data-element_type=\"widget\" data-widget_type=\"image.default\">\n\t\t\t\t<div class=\"elementor-widget-container\">\n\t\t\t\t\t\t\t\t\t\t\t\t\t\t\t<img decoding=\"async\" width=\"900\" height=\"506\" src=\"https:\/\/lelienmagique.fr\/wp-content\/uploads\/2025\/11\/IMG_20251123_114249-1024x576.jpg\" class=\"attachment-large size-large wp-image-1627\" alt=\"\" srcset=\"https:\/\/lelienmagique.fr\/wp-content\/uploads\/2025\/11\/IMG_20251123_114249-1024x576.jpg 1024w, https:\/\/lelienmagique.fr\/wp-content\/uploads\/2025\/11\/IMG_20251123_114249-300x169.jpg 300w, https:\/\/lelienmagique.fr\/wp-content\/uploads\/2025\/11\/IMG_20251123_114249-768x432.jpg 768w, https:\/\/lelienmagique.fr\/wp-content\/uploads\/2025\/11\/IMG_20251123_114249-1536x864.jpg 1536w, https:\/\/lelienmagique.fr\/wp-content\/uploads\/2025\/11\/IMG_20251123_114249-2048x1152.jpg 2048w, https:\/\/lelienmagique.fr\/wp-content\/uploads\/2025\/11\/IMG_20251123_114249-600x338.jpg 600w\" sizes=\"(max-width: 900px) 100vw, 900px\" \/>\t\t\t\t\t\t\t\t\t\t\t\t\t\t\t<\/div>\n\t\t\t\t<\/div>\n\t\t<div class=\"elementor-element elementor-element-d476401 e-con-full e-flex e-con e-child\" data-id=\"d476401\" data-element_type=\"container\">\n\t\t\t\t<div class=\"elementor-element elementor-element-d273ce9 elementor-widget__width-auto elementor-view-default elementor-widget elementor-widget-icon\" data-id=\"d273ce9\" data-element_type=\"widget\" data-widget_type=\"icon.default\">\n\t\t\t\t<div class=\"elementor-widget-container\">\n\t\t\t\t\t\t\t<div class=\"elementor-icon-wrapper\">\n\t\t\t<div class=\"elementor-icon\">\n\t\t\t<svg aria-hidden=\"true\" class=\"e-font-icon-svg e-fas-angle-right\" viewBox=\"0 0 256 512\" xmlns=\"http:\/\/www.w3.org\/2000\/svg\"><path d=\"M224.3 273l-136 136c-9.4 9.4-24.6 9.4-33.9 0l-22.6-22.6c-9.4-9.4-9.4-24.6 0-33.9l96.4-96.4-96.4-96.4c-9.4-9.4-9.4-24.6 0-33.9L54.3 103c9.4-9.4 24.6-9.4 33.9 0l136 136c9.5 9.4 9.5 24.6.1 34z\"><\/path><\/svg>\t\t\t<\/div>\n\t\t<\/div>\n\t\t\t\t\t\t<\/div>\n\t\t\t\t<\/div>\n\t\t\t\t<div class=\"elementor-element elementor-element-09d4b45 elementor-widget__width-auto elementor-widget elementor-widget-text-editor\" data-id=\"09d4b45\" data-element_type=\"widget\" data-widget_type=\"text-editor.default\">\n\t\t\t\t<div class=\"elementor-widget-container\">\n\t\t\t\t\t\t\t\t\t<p>Choisissez vos attaches.<\/p>\t\t\t\t\t\t\t\t<\/div>\n\t\t\t\t<\/div>\n\t\t\t\t<\/div>\n\t\t\t\t<div class=\"elementor-element elementor-element-7be043d elementor-widget elementor-widget-image\" data-id=\"7be043d\" data-element_type=\"widget\" data-widget_type=\"image.default\">\n\t\t\t\t<div class=\"elementor-widget-container\">\n\t\t\t\t\t\t\t\t\t\t\t\t<figure class=\"wp-caption\">\n\t\t\t\t\t\t\t\t\t\t<img loading=\"lazy\" decoding=\"async\" width=\"900\" height=\"506\" src=\"https:\/\/lelienmagique.fr\/wp-content\/uploads\/2025\/11\/IMG_20251122_220521-1024x576.jpg\" class=\"attachment-large size-large wp-image-1580\" alt=\"\" srcset=\"https:\/\/lelienmagique.fr\/wp-content\/uploads\/2025\/11\/IMG_20251122_220521-1024x576.jpg 1024w, https:\/\/lelienmagique.fr\/wp-content\/uploads\/2025\/11\/IMG_20251122_220521-300x169.jpg 300w, https:\/\/lelienmagique.fr\/wp-content\/uploads\/2025\/11\/IMG_20251122_220521-768x432.jpg 768w, https:\/\/lelienmagique.fr\/wp-content\/uploads\/2025\/11\/IMG_20251122_220521-1536x864.jpg 1536w, https:\/\/lelienmagique.fr\/wp-content\/uploads\/2025\/11\/IMG_20251122_220521-2048x1152.jpg 2048w, https:\/\/lelienmagique.fr\/wp-content\/uploads\/2025\/11\/IMG_20251122_220521-600x338.jpg 600w\" sizes=\"(max-width: 900px) 100vw, 900px\" \/>\t\t\t\t\t\t\t\t\t\t\t<figcaption class=\"widget-image-caption wp-caption-text\">Attaches fabriqu\u00e9es en Europe, dor\u00e9es \u00e0 l'or fin ou en argent. Il en existe de diff\u00e9rentes tailles et formes. Fermoirs aimant\u00e9s possibles. Je vous guiderai au cas par cas.<\/figcaption>\n\t\t\t\t\t\t\t\t\t\t<\/figure>\n\t\t\t\t\t\t\t\t\t<\/div>\n\t\t\t\t<\/div>\n\t\t<div class=\"elementor-element elementor-element-15d986e e-con-full e-flex e-con e-child\" data-id=\"15d986e\" data-element_type=\"container\">\n\t\t\t\t<div class=\"elementor-element elementor-element-df2fe36 elementor-widget__width-auto elementor-view-default elementor-widget elementor-widget-icon\" data-id=\"df2fe36\" data-element_type=\"widget\" data-widget_type=\"icon.default\">\n\t\t\t\t<div class=\"elementor-widget-container\">\n\t\t\t\t\t\t\t<div class=\"elementor-icon-wrapper\">\n\t\t\t<div class=\"elementor-icon\">\n\t\t\t<svg aria-hidden=\"true\" class=\"e-font-icon-svg e-fas-angle-right\" viewBox=\"0 0 256 512\" xmlns=\"http:\/\/www.w3.org\/2000\/svg\"><path d=\"M224.3 273l-136 136c-9.4 9.4-24.6 9.4-33.9 0l-22.6-22.6c-9.4-9.4-9.4-24.6 0-33.9l96.4-96.4-96.4-96.4c-9.4-9.4-9.4-24.6 0-33.9L54.3 103c9.4-9.4 24.6-9.4 33.9 0l136 136c9.5 9.4 9.5 24.6.1 34z\"><\/path><\/svg>\t\t\t<\/div>\n\t\t<\/div>\n\t\t\t\t\t\t<\/div>\n\t\t\t\t<\/div>\n\t\t\t\t<div class=\"elementor-element elementor-element-5ae4718 elementor-widget__width-auto elementor-widget elementor-widget-text-editor\" data-id=\"5ae4718\" data-element_type=\"widget\" data-widget_type=\"text-editor.default\">\n\t\t\t\t<div class=\"elementor-widget-container\">\n\t\t\t\t\t\t\t\t\t<p>Des exemples de r\u00e9alisations.<\/p>\t\t\t\t\t\t\t\t<\/div>\n\t\t\t\t<\/div>\n\t\t\t\t<\/div>\n\t\t\t\t<div class=\"elementor-element elementor-element-bbd7798 elementor-widget elementor-widget-image-gallery\" data-id=\"bbd7798\" data-element_type=\"widget\" data-widget_type=\"image-gallery.default\">\n\t\t\t\t<div class=\"elementor-widget-container\">\n\t\t\t\t\t\t\t<div class=\"elementor-image-gallery\">\n\t\t\t<div id='gallery-5' class='gallery galleryid-1570 gallery-columns-3 gallery-size-thumbnail'><figure class='gallery-item'>\n\t\t\t<div class='gallery-icon landscape'>\n\t\t\t\t<a data-elementor-open-lightbox=\"yes\" data-elementor-lightbox-slideshow=\"bbd7798\" data-elementor-lightbox-title=\"Les crins de trois chevaux diff\u00e9rents entrelac\u00e9s. Deux \u00e0 l\u2019ext\u00e9rieur (les blancs et les noirs) et le troisi\u00e8me \u00e0 l&#039;int\u00e9rieur (crins alezan). Chaque crin est tri\u00e9 un par un afin d&#039;obtenir une vraie nuance de couleurs. Pour les crins alezans deux fis D ont \u00e9t\u00e9 rajout\u00e9s.\" data-e-action-hash=\"#elementor-action%3Aaction%3Dlightbox%26settings%3DeyJpZCI6MTQ1OSwidXJsIjoiaHR0cHM6XC9cL2xlbGllbm1hZ2lxdWUuZnJcL3dwLWNvbnRlbnRcL3VwbG9hZHNcLzIwMjVcLzExXC9JTUdfMjAyNTEwMTVfMTUyNjQ2LXNjYWxlZC1lMTc3NDI4NTc1NDY4Ny5qcGciLCJzbGlkZXNob3ciOiJiYmQ3Nzk4In0%3D\" href='https:\/\/lelienmagique.fr\/wp-content\/uploads\/2025\/11\/IMG_20251015_152646-scaled-e1774285754687.jpg'><img loading=\"lazy\" decoding=\"async\" width=\"150\" height=\"150\" src=\"https:\/\/lelienmagique.fr\/wp-content\/uploads\/2025\/11\/IMG_20251015_152646-150x150.jpg\" class=\"attachment-thumbnail size-thumbnail\" alt=\"Bracelet tiss\u00e9 r\u00e9alis\u00e9 en crins de cheval\" aria-describedby=\"gallery-5-1459\" \/><\/a>\n\t\t\t<\/div>\n\t\t\t\t<figcaption class='wp-caption-text gallery-caption' id='gallery-5-1459'>\n\t\t\t\tLes crins de trois chevaux diff\u00e9rents entrelac\u00e9s. Deux \u00e0 l\u2019ext\u00e9rieur (les blancs et les noirs) et le troisi\u00e8me \u00e0 l&rsquo;int\u00e9rieur (crins alezan). Chaque crin est tri\u00e9 un par un afin d&rsquo;obtenir une vraie nuance de couleurs. Pour les crins alezans deux fis D ont \u00e9t\u00e9 rajout\u00e9s. \n\t\t\t\t<\/figcaption><\/figure><figure class='gallery-item'>\n\t\t\t<div class='gallery-icon landscape'>\n\t\t\t\t<a data-elementor-open-lightbox=\"yes\" data-elementor-lightbox-slideshow=\"bbd7798\" data-elementor-lightbox-title=\"Un autre type de tressage, permettant de m\u00e9langer les crins de vos chevaux ou bien de s\u00e9parer chaque couleur pr\u00e9sente dans les crins de votre cheval. Mod\u00e8le r\u00e9alis\u00e9 sans fil.\" data-e-action-hash=\"#elementor-action%3Aaction%3Dlightbox%26settings%3DeyJpZCI6ODcxLCJ1cmwiOiJodHRwczpcL1wvbGVsaWVubWFnaXF1ZS5mclwvd3AtY29udGVudFwvdXBsb2Fkc1wvMjAyNFwvMDlcL0lNR18yMDI0MDgyMl8xOTIwMTgtc2NhbGVkLmpwZyIsInNsaWRlc2hvdyI6ImJiZDc3OTgifQ%3D%3D\" href='https:\/\/lelienmagique.fr\/wp-content\/uploads\/2024\/09\/IMG_20240822_192018-scaled.jpg'><img loading=\"lazy\" decoding=\"async\" width=\"150\" height=\"150\" src=\"https:\/\/lelienmagique.fr\/wp-content\/uploads\/2024\/09\/IMG_20240822_192018-150x150.jpg\" class=\"attachment-thumbnail size-thumbnail\" alt=\"\" aria-describedby=\"gallery-5-871\" \/><\/a>\n\t\t\t<\/div>\n\t\t\t\t<figcaption class='wp-caption-text gallery-caption' id='gallery-5-871'>\n\t\t\t\tUn autre type de tressage, permettant de m\u00e9langer les crins de vos chevaux ou bien de s\u00e9parer chaque couleur pr\u00e9sente dans les crins de votre cheval. Mod\u00e8le r\u00e9alis\u00e9 sans fil.\n\t\t\t\t<\/figcaption><\/figure><figure class='gallery-item'>\n\t\t\t<div class='gallery-icon landscape'>\n\t\t\t\t<a data-elementor-open-lightbox=\"yes\" data-elementor-lightbox-slideshow=\"bbd7798\" data-elementor-lightbox-title=\"Chaque crin de votre cheval sont entrelac\u00e9s pour un rendu a\u00e9rien, fin et tr\u00e8s r\u00e9sistant. Ce mod\u00e8le a \u00e9t\u00e9 r\u00e9alis\u00e9 sans fil, mais il est possible d&#039;en rajouter pour faire ressortir la couleur des crins de votre cheval.\" data-e-action-hash=\"#elementor-action%3Aaction%3Dlightbox%26settings%3DeyJpZCI6MTA2NSwidXJsIjoiaHR0cHM6XC9cL2xlbGllbm1hZ2lxdWUuZnJcL3dwLWNvbnRlbnRcL3VwbG9hZHNcLzIwMjRcLzEwXC8xNzI5NjI5NTgzMDg1LXNjYWxlZC5qcGciLCJzbGlkZXNob3ciOiJiYmQ3Nzk4In0%3D\" href='https:\/\/lelienmagique.fr\/wp-content\/uploads\/2024\/10\/1729629583085-scaled.jpg'><img loading=\"lazy\" decoding=\"async\" width=\"150\" height=\"150\" src=\"https:\/\/lelienmagique.fr\/wp-content\/uploads\/2024\/10\/1729629583085-150x150.jpg\" class=\"attachment-thumbnail size-thumbnail\" alt=\"\" aria-describedby=\"gallery-5-1065\" \/><\/a>\n\t\t\t<\/div>\n\t\t\t\t<figcaption class='wp-caption-text gallery-caption' id='gallery-5-1065'>\n\t\t\t\tChaque crin de votre cheval sont entrelac\u00e9s pour un rendu a\u00e9rien, fin et tr\u00e8s r\u00e9sistant. Ce mod\u00e8le a \u00e9t\u00e9 r\u00e9alis\u00e9 sans fil, mais il est possible d&rsquo;en rajouter pour faire ressortir la couleur des crins de votre cheval.\n\t\t\t\t<\/figcaption><\/figure>\n\t\t<\/div>\n\t\t<\/div>\n\t\t\t\t\t\t<\/div>\n\t\t\t\t<\/div>\n\t\t<div class=\"elementor-element elementor-element-f47f7ae e-con-full e-flex e-con e-child\" data-id=\"f47f7ae\" data-element_type=\"container\">\n\t\t\t\t<div class=\"elementor-element elementor-element-81732f6 elementor-widget elementor-widget-deensimc-smooth-text\" data-id=\"81732f6\" data-element_type=\"widget\" data-widget_type=\"deensimc-smooth-text.default\">\n\t\t\t\t<div class=\"elementor-widget-container\">\n\t\t\t\t\t\t\t<div class=\"deensimc-marquee-main-container deensimc-text-marquee\n\t\tdeensimc-marquee-edge-shadow\"\n\t\t\tdata-marquee-speed=\"10\"\n\t\t\tdata-track-fill=\"yes\"\n\t\t\tdata-track-item-selector=\".deensimc-text-wrapper\"\n\t\t\tdata-track-target-horizontal=\"2560\"\t\t\t>\n\t\t\t<div class=\"deensimc-marquee-track-wrapper\">\n\t\t\t\t<div class=\"deensimc-marquee-track\">\n\t\t\t\t\t\t\t\t<div class=\"deensimc-text-wrapper\" aria-hidden=\"false\">\n\t\t\t\t\t\t\t\t\t\t\t\t\t<p class=\"deensimc-scroll-text\">\n\t\t\t\t\t\t<a\n\t\t\t\t\t\t\tclass=\"deensimc-scroll-text\"\n\t\t\t\t\t\t\thref=\"https:\/\/lelienmagique.fr\/index.php\/mes-offres-speciales\/\">\n\t\t\t\t\t\t\tLes offres sp\u00e9ciales, c&#039;est par ici !\t\t\t\t\t\t<\/a>\n\t\t\t\t\t<\/p>\n\t\t\t\t\t\t\t<\/div>\n\t\t\t\t\t\t<\/div>\n\t\t\t\t<div aria-hidden=\"true\" class=\"deensimc-marquee-track\">\n\t\t\t\t\t\t\t\t<div class=\"deensimc-text-wrapper\" aria-hidden=\"false\">\n\t\t\t\t\t\t\t\t\t\t\t\t\t<p class=\"deensimc-scroll-text\">\n\t\t\t\t\t\t<a\n\t\t\t\t\t\t\tclass=\"deensimc-scroll-text\"\n\t\t\t\t\t\t\thref=\"https:\/\/lelienmagique.fr\/index.php\/mes-offres-speciales\/\">\n\t\t\t\t\t\t\tLes offres sp\u00e9ciales, c&#039;est par ici !\t\t\t\t\t\t<\/a>\n\t\t\t\t\t<\/p>\n\t\t\t\t\t\t\t<\/div>\n\t\t\t\t\t\t<\/div>\n\t\t\t<\/div>\n\t\t<\/div>\n\t\t\t\t<\/div>\n\t\t\t\t<\/div>\n\t\t\t\t<noscript>\n\t\t\t<div class=\"deensimc-noscript-notice\" role=\"note\">\n\t\t\t\tThis section requires JavaScript to load properly. Please enable JavaScript in your browser and reload the page.\t\t\t<\/div>\n\t\t<\/noscript>\n\t\t<\/div>\n\t\t\t\t\t<\/div>\n\t\t\t\t<\/div>\n\t\t\t\t<\/div>\n\t\t","protected":false},"excerpt":{"rendered":"<p>Tiss\u00e9 Choisissez votre type de tissage Il est possible de r\u00e9aliser plusieurs types de tissages, et de jouer ainsi avec les diff\u00e9rentes couleurs des crins de votre cheval.\u00a0 Choisissez vos fils. Choisissez vos attaches. Attaches fabriqu\u00e9es en Europe, dor\u00e9es \u00e0 l&rsquo;or fin ou en argent. Il en existe de diff\u00e9rentes tailles et formes. Fermoirs aimant\u00e9s&#8230;<\/p>\n","protected":false},"author":1,"featured_media":0,"parent":0,"menu_order":0,"comment_status":"closed","ping_status":"closed","template":"","meta":{"_monsterinsights_skip_tracking":false,"_monsterinsights_sitenote_active":false,"_monsterinsights_sitenote_note":"","_monsterinsights_sitenote_category":0,"_kad_post_transparent":"","_kad_post_title":"hide","_kad_post_layout":"fullwidth","_kad_post_sidebar_id":"","_kad_post_content_style":"unboxed","_kad_post_vertical_padding":"hide","_kad_post_feature":"hide","_kad_post_feature_position":"","_kad_post_header":false,"_kad_post_footer":false,"footnotes":""},"class_list":["post-1570","page","type-page","status-publish","hentry"],"aioseo_notices":[],"_links":{"self":[{"href":"https:\/\/lelienmagique.fr\/index.php\/wp-json\/wp\/v2\/pages\/1570","targetHints":{"allow":["GET"]}}],"collection":[{"href":"https:\/\/lelienmagique.fr\/index.php\/wp-json\/wp\/v2\/pages"}],"about":[{"href":"https:\/\/lelienmagique.fr\/index.php\/wp-json\/wp\/v2\/types\/page"}],"author":[{"embeddable":true,"href":"https:\/\/lelienmagique.fr\/index.php\/wp-json\/wp\/v2\/users\/1"}],"replies":[{"embeddable":true,"href":"https:\/\/lelienmagique.fr\/index.php\/wp-json\/wp\/v2\/comments?post=1570"}],"version-history":[{"count":27,"href":"https:\/\/lelienmagique.fr\/index.php\/wp-json\/wp\/v2\/pages\/1570\/revisions"}],"predecessor-version":[{"id":1907,"href":"https:\/\/lelienmagique.fr\/index.php\/wp-json\/wp\/v2\/pages\/1570\/revisions\/1907"}],"wp:attachment":[{"href":"https:\/\/lelienmagique.fr\/index.php\/wp-json\/wp\/v2\/media?parent=1570"}],"curies":[{"name":"wp","href":"https:\/\/api.w.org\/{rel}","templated":true}]}}