{"id":1548,"date":"2025-11-22T19:16:51","date_gmt":"2025-11-22T18:16:51","guid":{"rendered":"https:\/\/lelienmagique.fr\/?page_id=1548"},"modified":"2026-01-04T16:24:23","modified_gmt":"2026-01-04T15:24:23","slug":"tresses-multiples","status":"publish","type":"page","link":"https:\/\/lelienmagique.fr\/index.php\/tresses-multiples\/","title":{"rendered":"Tresses multiples"},"content":{"rendered":"\t\t<div data-elementor-type=\"wp-page\" data-elementor-id=\"1548\" class=\"elementor elementor-1548\" data-elementor-post-type=\"page\">\n\t\t\t\t<div class=\"elementor-element elementor-element-16cc432 e-flex e-con-boxed e-con e-parent\" data-id=\"16cc432\" data-element_type=\"container\">\n\t\t\t\t\t<div class=\"e-con-inner\">\n\t\t<div class=\"elementor-element elementor-element-9a8dcd7 e-con-full e-flex e-con e-child\" data-id=\"9a8dcd7\" data-element_type=\"container\">\n\t\t\t\t<div class=\"elementor-element elementor-element-98bcef1 elementor-widget elementor-widget-text-editor\" data-id=\"98bcef1\" data-element_type=\"widget\" data-widget_type=\"text-editor.default\">\n\t\t\t\t<div class=\"elementor-widget-container\">\n\t\t\t\t\t\t\t\t\t<iframe title=\"YouTube video player\" src=\"https:\/\/www.youtube.com\/embed\/vORVLj5yyXY?si=fmBLUc-hlpfweFS5\" width=\"50\" frameborder=\"0\" allowfullscreen=\"allowfullscreen\"><\/iframe>\n\t\t\t\t\t\t\t\t<\/div>\n\t\t\t\t<\/div>\n\t\t\t\t<div class=\"elementor-element elementor-element-40b075c elementor-widget elementor-widget-text-editor\" data-id=\"40b075c\" data-element_type=\"widget\" data-widget_type=\"text-editor.default\">\n\t\t\t\t<div class=\"elementor-widget-container\">\n\t\t\t\t\t\t\t\t\t<iframe title=\"YouTube video player\" src=\"https:\/\/www.youtube.com\/embed\/EcoBoyBJzTw?si=JBYgLDygswQNDlfA\" width=\"50\" frameborder=\"0\" allowfullscreen=\"allowfullscreen\"><\/iframe>\t\t\t\t\t\t\t\t<\/div>\n\t\t\t\t<\/div>\n\t\t\t\t<\/div>\n\t\t\t\t<div class=\"elementor-element elementor-element-17b7e68 elementor-widget elementor-widget-heading\" data-id=\"17b7e68\" data-element_type=\"widget\" data-widget_type=\"heading.default\">\n\t\t\t\t<div class=\"elementor-widget-container\">\n\t\t\t\t\t<h1 class=\"elementor-heading-title elementor-size-default\">Tresses multiples<\/h1>\t\t\t\t<\/div>\n\t\t\t\t<\/div>\n\t\t\t\t<div class=\"elementor-element elementor-element-3fe4522 elementor-widget__width-auto elementor-widget elementor-widget-text-editor\" data-id=\"3fe4522\" data-element_type=\"widget\" data-widget_type=\"text-editor.default\">\n\t\t\t\t<div class=\"elementor-widget-container\">\n\t\t\t\t\t\t\t\t\t<p>Duo : 40 \u20ac<\/p><p>Trio : 60 \u20ac<\/p><p>20 \u20ac par tresse suppl\u00e9mentaire<\/p>\t\t\t\t\t\t\t\t<\/div>\n\t\t\t\t<\/div>\n\t\t<div class=\"elementor-element elementor-element-e1bbd33 e-con-full e-flex e-con e-child\" data-id=\"e1bbd33\" data-element_type=\"container\">\n\t\t\t\t<div class=\"elementor-element elementor-element-edea3dc elementor-widget__width-auto elementor-view-default elementor-widget elementor-widget-icon\" data-id=\"edea3dc\" data-element_type=\"widget\" data-widget_type=\"icon.default\">\n\t\t\t\t<div class=\"elementor-widget-container\">\n\t\t\t\t\t\t\t<div class=\"elementor-icon-wrapper\">\n\t\t\t<div class=\"elementor-icon\">\n\t\t\t<svg aria-hidden=\"true\" class=\"e-font-icon-svg e-fas-angle-right\" viewBox=\"0 0 256 512\" xmlns=\"http:\/\/www.w3.org\/2000\/svg\"><path d=\"M224.3 273l-136 136c-9.4 9.4-24.6 9.4-33.9 0l-22.6-22.6c-9.4-9.4-9.4-24.6 0-33.9l96.4-96.4-96.4-96.4c-9.4-9.4-9.4-24.6 0-33.9L54.3 103c9.4-9.4 24.6-9.4 33.9 0l136 136c9.5 9.4 9.5 24.6.1 34z\"><\/path><\/svg>\t\t\t<\/div>\n\t\t<\/div>\n\t\t\t\t\t\t<\/div>\n\t\t\t\t<\/div>\n\t\t\t\t<div class=\"elementor-element elementor-element-a996271 elementor-widget__width-auto elementor-widget elementor-widget-text-editor\" data-id=\"a996271\" data-element_type=\"widget\" data-widget_type=\"text-editor.default\">\n\t\t\t\t<div class=\"elementor-widget-container\">\n\t\t\t\t\t\t\t\t\t<p>Pour chaque tresse, choisissez vos fils.<\/p>\t\t\t\t\t\t\t\t<\/div>\n\t\t\t\t<\/div>\n\t\t\t\t<\/div>\n\t\t\t\t<div class=\"elementor-element elementor-element-e134d19 elementor-widget elementor-widget-image\" data-id=\"e134d19\" data-element_type=\"widget\" data-widget_type=\"image.default\">\n\t\t\t\t<div class=\"elementor-widget-container\">\n\t\t\t\t\t\t\t\t\t\t\t\t\t\t\t<img fetchpriority=\"high\" decoding=\"async\" width=\"900\" height=\"506\" src=\"https:\/\/lelienmagique.fr\/wp-content\/uploads\/2025\/11\/IMG_20251123_114408-1024x576.jpg\" class=\"attachment-large size-large wp-image-1628\" alt=\"\" srcset=\"https:\/\/lelienmagique.fr\/wp-content\/uploads\/2025\/11\/IMG_20251123_114408-1024x576.jpg 1024w, https:\/\/lelienmagique.fr\/wp-content\/uploads\/2025\/11\/IMG_20251123_114408-300x169.jpg 300w, https:\/\/lelienmagique.fr\/wp-content\/uploads\/2025\/11\/IMG_20251123_114408-768x432.jpg 768w, https:\/\/lelienmagique.fr\/wp-content\/uploads\/2025\/11\/IMG_20251123_114408-1536x864.jpg 1536w, https:\/\/lelienmagique.fr\/wp-content\/uploads\/2025\/11\/IMG_20251123_114408-2048x1152.jpg 2048w, https:\/\/lelienmagique.fr\/wp-content\/uploads\/2025\/11\/IMG_20251123_114408-600x338.jpg 600w\" sizes=\"(max-width: 900px) 100vw, 900px\" \/>\t\t\t\t\t\t\t\t\t\t\t\t\t\t\t<\/div>\n\t\t\t\t<\/div>\n\t\t\t\t<div class=\"elementor-element elementor-element-27c0d44 elementor-widget elementor-widget-image\" data-id=\"27c0d44\" data-element_type=\"widget\" data-widget_type=\"image.default\">\n\t\t\t\t<div class=\"elementor-widget-container\">\n\t\t\t\t\t\t\t\t\t\t\t\t\t\t\t<img decoding=\"async\" width=\"900\" height=\"506\" src=\"https:\/\/lelienmagique.fr\/wp-content\/uploads\/2025\/11\/IMG_20251123_114249-1024x576.jpg\" class=\"attachment-large size-large wp-image-1627\" alt=\"\" srcset=\"https:\/\/lelienmagique.fr\/wp-content\/uploads\/2025\/11\/IMG_20251123_114249-1024x576.jpg 1024w, https:\/\/lelienmagique.fr\/wp-content\/uploads\/2025\/11\/IMG_20251123_114249-300x169.jpg 300w, https:\/\/lelienmagique.fr\/wp-content\/uploads\/2025\/11\/IMG_20251123_114249-768x432.jpg 768w, https:\/\/lelienmagique.fr\/wp-content\/uploads\/2025\/11\/IMG_20251123_114249-1536x864.jpg 1536w, https:\/\/lelienmagique.fr\/wp-content\/uploads\/2025\/11\/IMG_20251123_114249-2048x1152.jpg 2048w, https:\/\/lelienmagique.fr\/wp-content\/uploads\/2025\/11\/IMG_20251123_114249-600x338.jpg 600w\" sizes=\"(max-width: 900px) 100vw, 900px\" \/>\t\t\t\t\t\t\t\t\t\t\t\t\t\t\t<\/div>\n\t\t\t\t<\/div>\n\t\t<div class=\"elementor-element elementor-element-d476401 e-con-full e-flex e-con e-child\" data-id=\"d476401\" data-element_type=\"container\">\n\t\t\t\t<div class=\"elementor-element elementor-element-d273ce9 elementor-widget__width-auto elementor-view-default elementor-widget elementor-widget-icon\" data-id=\"d273ce9\" data-element_type=\"widget\" data-widget_type=\"icon.default\">\n\t\t\t\t<div class=\"elementor-widget-container\">\n\t\t\t\t\t\t\t<div class=\"elementor-icon-wrapper\">\n\t\t\t<div class=\"elementor-icon\">\n\t\t\t<svg aria-hidden=\"true\" class=\"e-font-icon-svg e-fas-angle-right\" viewBox=\"0 0 256 512\" xmlns=\"http:\/\/www.w3.org\/2000\/svg\"><path d=\"M224.3 273l-136 136c-9.4 9.4-24.6 9.4-33.9 0l-22.6-22.6c-9.4-9.4-9.4-24.6 0-33.9l96.4-96.4-96.4-96.4c-9.4-9.4-9.4-24.6 0-33.9L54.3 103c9.4-9.4 24.6-9.4 33.9 0l136 136c9.5 9.4 9.5 24.6.1 34z\"><\/path><\/svg>\t\t\t<\/div>\n\t\t<\/div>\n\t\t\t\t\t\t<\/div>\n\t\t\t\t<\/div>\n\t\t\t\t<div class=\"elementor-element elementor-element-09d4b45 elementor-widget__width-auto elementor-widget elementor-widget-text-editor\" data-id=\"09d4b45\" data-element_type=\"widget\" data-widget_type=\"text-editor.default\">\n\t\t\t\t<div class=\"elementor-widget-container\">\n\t\t\t\t\t\t\t\t\t<p>Choisissez vos attaches.<\/p>\t\t\t\t\t\t\t\t<\/div>\n\t\t\t\t<\/div>\n\t\t\t\t<\/div>\n\t\t\t\t<div class=\"elementor-element elementor-element-d848397 elementor-widget elementor-widget-image\" data-id=\"d848397\" data-element_type=\"widget\" data-widget_type=\"image.default\">\n\t\t\t\t<div class=\"elementor-widget-container\">\n\t\t\t\t\t\t\t\t\t\t\t\t<figure class=\"wp-caption\">\n\t\t\t\t\t\t\t\t\t\t<img decoding=\"async\" width=\"900\" height=\"506\" src=\"https:\/\/lelienmagique.fr\/wp-content\/uploads\/2025\/11\/IMG_20251122_220503-1024x576.jpg\" class=\"attachment-large size-large wp-image-1579\" alt=\"\" srcset=\"https:\/\/lelienmagique.fr\/wp-content\/uploads\/2025\/11\/IMG_20251122_220503-1024x576.jpg 1024w, https:\/\/lelienmagique.fr\/wp-content\/uploads\/2025\/11\/IMG_20251122_220503-300x169.jpg 300w, https:\/\/lelienmagique.fr\/wp-content\/uploads\/2025\/11\/IMG_20251122_220503-768x432.jpg 768w, https:\/\/lelienmagique.fr\/wp-content\/uploads\/2025\/11\/IMG_20251122_220503-1536x864.jpg 1536w, https:\/\/lelienmagique.fr\/wp-content\/uploads\/2025\/11\/IMG_20251122_220503-2048x1152.jpg 2048w, https:\/\/lelienmagique.fr\/wp-content\/uploads\/2025\/11\/IMG_20251122_220503-600x338.jpg 600w\" sizes=\"(max-width: 900px) 100vw, 900px\" \/>\t\t\t\t\t\t\t\t\t\t\t<figcaption class=\"widget-image-caption wp-caption-text\">Acier inoxydable<\/figcaption>\n\t\t\t\t\t\t\t\t\t\t<\/figure>\n\t\t\t\t\t\t\t\t\t<\/div>\n\t\t\t\t<\/div>\n\t\t\t\t<div class=\"elementor-element elementor-element-e7f4ad1 elementor-widget__width-auto elementor-widget elementor-widget-text-editor\" data-id=\"e7f4ad1\" data-element_type=\"widget\" data-widget_type=\"text-editor.default\">\n\t\t\t\t<div class=\"elementor-widget-container\">\n\t\t\t\t\t\t\t\t\t<p>Pour 15 \u20ac de plus :<\/p>\t\t\t\t\t\t\t\t<\/div>\n\t\t\t\t<\/div>\n\t\t\t\t<div class=\"elementor-element elementor-element-7be043d elementor-widget elementor-widget-image\" data-id=\"7be043d\" data-element_type=\"widget\" data-widget_type=\"image.default\">\n\t\t\t\t<div class=\"elementor-widget-container\">\n\t\t\t\t\t\t\t\t\t\t\t\t<figure class=\"wp-caption\">\n\t\t\t\t\t\t\t\t\t\t<img loading=\"lazy\" decoding=\"async\" width=\"900\" height=\"506\" src=\"https:\/\/lelienmagique.fr\/wp-content\/uploads\/2025\/11\/IMG_20251122_220521-1024x576.jpg\" class=\"attachment-large size-large wp-image-1580\" alt=\"\" srcset=\"https:\/\/lelienmagique.fr\/wp-content\/uploads\/2025\/11\/IMG_20251122_220521-1024x576.jpg 1024w, https:\/\/lelienmagique.fr\/wp-content\/uploads\/2025\/11\/IMG_20251122_220521-300x169.jpg 300w, https:\/\/lelienmagique.fr\/wp-content\/uploads\/2025\/11\/IMG_20251122_220521-768x432.jpg 768w, https:\/\/lelienmagique.fr\/wp-content\/uploads\/2025\/11\/IMG_20251122_220521-1536x864.jpg 1536w, https:\/\/lelienmagique.fr\/wp-content\/uploads\/2025\/11\/IMG_20251122_220521-2048x1152.jpg 2048w, https:\/\/lelienmagique.fr\/wp-content\/uploads\/2025\/11\/IMG_20251122_220521-600x338.jpg 600w\" sizes=\"(max-width: 900px) 100vw, 900px\" \/>\t\t\t\t\t\t\t\t\t\t\t<figcaption class=\"widget-image-caption wp-caption-text\">Dor\u00e9es \u00e0 l'or fin ou argent (made in Europe). Fermoirs aimant\u00e9s possibles.<\/figcaption>\n\t\t\t\t\t\t\t\t\t\t<\/figure>\n\t\t\t\t\t\t\t\t\t<\/div>\n\t\t\t\t<\/div>\n\t\t<div class=\"elementor-element elementor-element-15d986e e-con-full e-flex e-con e-child\" data-id=\"15d986e\" data-element_type=\"container\">\n\t\t\t\t<div class=\"elementor-element elementor-element-df2fe36 elementor-widget__width-auto elementor-view-default elementor-widget elementor-widget-icon\" data-id=\"df2fe36\" data-element_type=\"widget\" data-widget_type=\"icon.default\">\n\t\t\t\t<div class=\"elementor-widget-container\">\n\t\t\t\t\t\t\t<div class=\"elementor-icon-wrapper\">\n\t\t\t<div class=\"elementor-icon\">\n\t\t\t<svg aria-hidden=\"true\" class=\"e-font-icon-svg e-fas-angle-right\" viewBox=\"0 0 256 512\" xmlns=\"http:\/\/www.w3.org\/2000\/svg\"><path d=\"M224.3 273l-136 136c-9.4 9.4-24.6 9.4-33.9 0l-22.6-22.6c-9.4-9.4-9.4-24.6 0-33.9l96.4-96.4-96.4-96.4c-9.4-9.4-9.4-24.6 0-33.9L54.3 103c9.4-9.4 24.6-9.4 33.9 0l136 136c9.5 9.4 9.5 24.6.1 34z\"><\/path><\/svg>\t\t\t<\/div>\n\t\t<\/div>\n\t\t\t\t\t\t<\/div>\n\t\t\t\t<\/div>\n\t\t\t\t<div class=\"elementor-element elementor-element-5ae4718 elementor-widget__width-auto elementor-widget elementor-widget-text-editor\" data-id=\"5ae4718\" data-element_type=\"widget\" data-widget_type=\"text-editor.default\">\n\t\t\t\t<div class=\"elementor-widget-container\">\n\t\t\t\t\t\t\t\t\t<p>Des exemples de r\u00e9alisations.<\/p>\t\t\t\t\t\t\t\t<\/div>\n\t\t\t\t<\/div>\n\t\t\t\t<\/div>\n\t\t\t\t<div class=\"elementor-element elementor-element-bbd7798 elementor-widget elementor-widget-image-gallery\" data-id=\"bbd7798\" data-element_type=\"widget\" data-widget_type=\"image-gallery.default\">\n\t\t\t\t<div class=\"elementor-widget-container\">\n\t\t\t\t\t\t\t<div class=\"elementor-image-gallery\">\n\t\t\t<div id='gallery-2' class='gallery galleryid-1548 gallery-columns-4 gallery-size-thumbnail'><figure class='gallery-item'>\n\t\t\t<div class='gallery-icon portrait'>\n\t\t\t\t<a data-elementor-open-lightbox=\"yes\" data-elementor-lightbox-slideshow=\"bbd7798\" data-elementor-lightbox-title=\"Triple tresse. Une avec 3 fils D, l&#039;autre avec 1 fil R2, 1 fil B1 et 1fil D et la troisi\u00e8me avec 3fils B1\" data-e-action-hash=\"#elementor-action%3Aaction%3Dlightbox%26settings%3DeyJpZCI6MTU3NiwidXJsIjoiaHR0cHM6XC9cL2xlbGllbm1hZ2lxdWUuZnJcL3dwLWNvbnRlbnRcL3VwbG9hZHNcLzIwMjVcLzExXC9JTUdfMjAyNTExMjJfMTkzMzE3LXNjYWxlZC5qcGciLCJzbGlkZXNob3ciOiJiYmQ3Nzk4In0%3D\" href='https:\/\/lelienmagique.fr\/wp-content\/uploads\/2025\/11\/IMG_20251122_193317-scaled.jpg'><img loading=\"lazy\" decoding=\"async\" width=\"150\" height=\"150\" src=\"https:\/\/lelienmagique.fr\/wp-content\/uploads\/2025\/11\/IMG_20251122_193317-150x150.jpg\" class=\"attachment-thumbnail size-thumbnail\" alt=\"\" aria-describedby=\"gallery-2-1576\" srcset=\"https:\/\/lelienmagique.fr\/wp-content\/uploads\/2025\/11\/IMG_20251122_193317-150x150.jpg 150w, https:\/\/lelienmagique.fr\/wp-content\/uploads\/2025\/11\/IMG_20251122_193317-300x300.jpg 300w, https:\/\/lelienmagique.fr\/wp-content\/uploads\/2025\/11\/IMG_20251122_193317-100x100.jpg 100w, https:\/\/lelienmagique.fr\/wp-content\/uploads\/2025\/11\/IMG_20251122_193317-32x32.jpg 32w\" sizes=\"(max-width: 150px) 100vw, 150px\" \/><\/a>\n\t\t\t<\/div>\n\t\t\t\t<figcaption class='wp-caption-text gallery-caption' id='gallery-2-1576'>\n\t\t\t\tTriple tresse. Une avec 3 fils D, l&rsquo;autre avec 1 fil R2, 1 fil B1 et 1fil D et la troisi\u00e8me avec 3fils B1\n\n\t\t\t\t<\/figcaption><\/figure><figure class='gallery-item'>\n\t\t\t<div class='gallery-icon landscape'>\n\t\t\t\t<a data-elementor-open-lightbox=\"yes\" data-elementor-lightbox-slideshow=\"bbd7798\" data-elementor-lightbox-title=\"Triple tresse, r\u00e9alis\u00e9e avec les crins de trois chevaux. Une avec 3 fils D, l&#039;autre avec 1 fil R2, 1 fil B1 et 1fil D et la troisi\u00e8me avec 3 fils B1\" data-e-action-hash=\"#elementor-action%3Aaction%3Dlightbox%26settings%3DeyJpZCI6MTQ1NiwidXJsIjoiaHR0cHM6XC9cL2xlbGllbm1hZ2lxdWUuZnJcL3dwLWNvbnRlbnRcL3VwbG9hZHNcLzIwMjVcLzExXC9JTUdfMjAyNTEwMTVfMTM0ODI1LXNjYWxlZC1lMTc2MjYyMDQ5Mzk4NC5qcGciLCJzbGlkZXNob3ciOiJiYmQ3Nzk4In0%3D\" href='https:\/\/lelienmagique.fr\/wp-content\/uploads\/2025\/11\/IMG_20251015_134825-scaled-e1762620493984.jpg'><img loading=\"lazy\" decoding=\"async\" width=\"150\" height=\"150\" src=\"https:\/\/lelienmagique.fr\/wp-content\/uploads\/2025\/11\/IMG_20251015_134825-scaled-e1762620493984-150x150.jpg\" class=\"attachment-thumbnail size-thumbnail\" alt=\"\" aria-describedby=\"gallery-2-1456\" srcset=\"https:\/\/lelienmagique.fr\/wp-content\/uploads\/2025\/11\/IMG_20251015_134825-scaled-e1762620493984-150x150.jpg 150w, https:\/\/lelienmagique.fr\/wp-content\/uploads\/2025\/11\/IMG_20251015_134825-scaled-e1762620493984-300x300.jpg 300w, https:\/\/lelienmagique.fr\/wp-content\/uploads\/2025\/11\/IMG_20251015_134825-scaled-e1762620493984-100x100.jpg 100w, https:\/\/lelienmagique.fr\/wp-content\/uploads\/2025\/11\/IMG_20251015_134825-scaled-e1762620493984-32x32.jpg 32w\" sizes=\"(max-width: 150px) 100vw, 150px\" \/><\/a>\n\t\t\t<\/div>\n\t\t\t\t<figcaption class='wp-caption-text gallery-caption' id='gallery-2-1456'>\n\t\t\t\tTriple tresse, r\u00e9alis\u00e9e avec les crins de trois chevaux. Une avec 3 fils D, l&rsquo;autre avec 1 fil R2, 1 fil B1 et 1fil D et la troisi\u00e8me avec 3 fils B1\n\n\t\t\t\t<\/figcaption><\/figure><figure class='gallery-item'>\n\t\t\t<div class='gallery-icon portrait'>\n\t\t\t\t<a data-elementor-open-lightbox=\"yes\" data-elementor-lightbox-slideshow=\"bbd7798\" data-elementor-lightbox-title=\"Double tresse, r\u00e9alis\u00e9e avec les crins de deux chevaux, l&#039;attache 6 et le fils A2\" data-e-action-hash=\"#elementor-action%3Aaction%3Dlightbox%26settings%3DeyJpZCI6MTc2MiwidXJsIjoiaHR0cHM6XC9cL2xlbGllbm1hZ2lxdWUuZnJcL3dwLWNvbnRlbnRcL3VwbG9hZHNcLzIwMjZcLzAxXC9JTUdfMjAyNTEyMThfMjIyMTM2LXNjYWxlZC5qcGciLCJzbGlkZXNob3ciOiJiYmQ3Nzk4In0%3D\" href='https:\/\/lelienmagique.fr\/wp-content\/uploads\/2026\/01\/IMG_20251218_222136-scaled.jpg'><img loading=\"lazy\" decoding=\"async\" width=\"150\" height=\"150\" src=\"https:\/\/lelienmagique.fr\/wp-content\/uploads\/2026\/01\/IMG_20251218_222136-150x150.jpg\" class=\"attachment-thumbnail size-thumbnail\" alt=\"\" aria-describedby=\"gallery-2-1762\" srcset=\"https:\/\/lelienmagique.fr\/wp-content\/uploads\/2026\/01\/IMG_20251218_222136-150x150.jpg 150w, https:\/\/lelienmagique.fr\/wp-content\/uploads\/2026\/01\/IMG_20251218_222136-300x300.jpg 300w, https:\/\/lelienmagique.fr\/wp-content\/uploads\/2026\/01\/IMG_20251218_222136-100x100.jpg 100w, https:\/\/lelienmagique.fr\/wp-content\/uploads\/2026\/01\/IMG_20251218_222136-32x32.jpg 32w\" sizes=\"(max-width: 150px) 100vw, 150px\" \/><\/a>\n\t\t\t<\/div>\n\t\t\t\t<figcaption class='wp-caption-text gallery-caption' id='gallery-2-1762'>\n\t\t\t\tDouble tresse, r\u00e9alis\u00e9e avec les crins de deux chevaux, l&rsquo;attache 6 et le fils A2 (40\u20ac)\n\t\t\t\t<\/figcaption><\/figure><figure class='gallery-item'>\n\t\t\t<div class='gallery-icon landscape'>\n\t\t\t\t<a data-elementor-open-lightbox=\"yes\" data-elementor-lightbox-slideshow=\"bbd7798\" data-elementor-lightbox-title=\"Triple tresse, r\u00e9alis\u00e9e avec les crins de trois chevaux, l&#039;attache en argent made in Europe, deux fils par tresse. Pour les resses ext\u00e9rieur deux fils Bl, et pour la tresse centrale un fil V et un fil N. (60+15=75\u20ac)\" data-e-action-hash=\"#elementor-action%3Aaction%3Dlightbox%26settings%3DeyJpZCI6MTc1NCwidXJsIjoiaHR0cHM6XC9cL2xlbGllbm1hZ2lxdWUuZnJcL3dwLWNvbnRlbnRcL3VwbG9hZHNcLzIwMjZcLzAxXC9JTUdfMjAyNTEyMTFfMTQwNzUyLXNjYWxlZC5qcGciLCJzbGlkZXNob3ciOiJiYmQ3Nzk4In0%3D\" href='https:\/\/lelienmagique.fr\/wp-content\/uploads\/2026\/01\/IMG_20251211_140752-scaled.jpg'><img loading=\"lazy\" decoding=\"async\" width=\"150\" height=\"150\" src=\"https:\/\/lelienmagique.fr\/wp-content\/uploads\/2026\/01\/IMG_20251211_140752-150x150.jpg\" class=\"attachment-thumbnail size-thumbnail\" alt=\"\" aria-describedby=\"gallery-2-1754\" srcset=\"https:\/\/lelienmagique.fr\/wp-content\/uploads\/2026\/01\/IMG_20251211_140752-150x150.jpg 150w, https:\/\/lelienmagique.fr\/wp-content\/uploads\/2026\/01\/IMG_20251211_140752-300x300.jpg 300w, https:\/\/lelienmagique.fr\/wp-content\/uploads\/2026\/01\/IMG_20251211_140752-100x100.jpg 100w, https:\/\/lelienmagique.fr\/wp-content\/uploads\/2026\/01\/IMG_20251211_140752-32x32.jpg 32w\" sizes=\"(max-width: 150px) 100vw, 150px\" \/><\/a>\n\t\t\t<\/div>\n\t\t\t\t<figcaption class='wp-caption-text gallery-caption' id='gallery-2-1754'>\n\t\t\t\tTriple tresse, r\u00e9alis\u00e9e avec les crins de trois chevaux, l&rsquo;attache en argent made in Europe, deux fils par tresse. Pour les resses ext\u00e9rieur deux fils Bl, et pour la tresse centrale un fil V et un fil N. (60+15=75\u20ac) \n\t\t\t\t<\/figcaption><\/figure>\n\t\t<\/div>\n\t\t<\/div>\n\t\t\t\t\t\t<\/div>\n\t\t\t\t<\/div>\n\t\t<div class=\"elementor-element elementor-element-7af83a7 e-con-full e-flex e-con e-child\" data-id=\"7af83a7\" data-element_type=\"container\">\n\t\t\t\t<div class=\"elementor-element elementor-element-aea231a elementor-widget elementor-widget-deensimc-smooth-text\" data-id=\"aea231a\" data-element_type=\"widget\" data-widget_type=\"deensimc-smooth-text.default\">\n\t\t\t\t<div class=\"elementor-widget-container\">\n\t\t\t\t\t\t\t<div class=\"deensimc-marquee-main-container deensimc-text-marquee\n\t\tdeensimc-marquee-edge-shadow\"\n\t\t\tdata-marquee-speed=\"10\"\n\t\t\tdata-track-fill=\"yes\"\n\t\t\tdata-track-item-selector=\".deensimc-text-wrapper\"\n\t\t\tdata-track-target-horizontal=\"2560\"\t\t\t>\n\t\t\t<div class=\"deensimc-marquee-track-wrapper\">\n\t\t\t\t<div class=\"deensimc-marquee-track\">\n\t\t\t\t\t\t\t\t<div class=\"deensimc-text-wrapper\" aria-hidden=\"false\">\n\t\t\t\t\t\t\t\t\t\t\t\t\t<p class=\"deensimc-scroll-text\">\n\t\t\t\t\t\t<a\n\t\t\t\t\t\t\tclass=\"deensimc-scroll-text\"\n\t\t\t\t\t\t\thref=\"https:\/\/lelienmagique.fr\/index.php\/mes-offres-speciales\/\">\n\t\t\t\t\t\t\tLes offres sp\u00e9ciales, c&#039;est par ici !\t\t\t\t\t\t<\/a>\n\t\t\t\t\t<\/p>\n\t\t\t\t\t\t\t<\/div>\n\t\t\t\t\t\t<\/div>\n\t\t\t\t<div aria-hidden=\"true\" class=\"deensimc-marquee-track\">\n\t\t\t\t\t\t\t\t<div class=\"deensimc-text-wrapper\" aria-hidden=\"false\">\n\t\t\t\t\t\t\t\t\t\t\t\t\t<p class=\"deensimc-scroll-text\">\n\t\t\t\t\t\t<a\n\t\t\t\t\t\t\tclass=\"deensimc-scroll-text\"\n\t\t\t\t\t\t\thref=\"https:\/\/lelienmagique.fr\/index.php\/mes-offres-speciales\/\">\n\t\t\t\t\t\t\tLes offres sp\u00e9ciales, c&#039;est par ici !\t\t\t\t\t\t<\/a>\n\t\t\t\t\t<\/p>\n\t\t\t\t\t\t\t<\/div>\n\t\t\t\t\t\t<\/div>\n\t\t\t<\/div>\n\t\t<\/div>\n\t\t\t\t<\/div>\n\t\t\t\t<\/div>\n\t\t\t\t<noscript>\n\t\t\t<div class=\"deensimc-noscript-notice\" role=\"note\">\n\t\t\t\tThis section requires JavaScript to load properly. Please enable JavaScript in your browser and reload the page.\t\t\t<\/div>\n\t\t<\/noscript>\n\t\t<\/div>\n\t\t\t\t\t<\/div>\n\t\t\t\t<\/div>\n\t\t\t\t<\/div>\n\t\t","protected":false},"excerpt":{"rendered":"<p>Tresses multiples Duo : 40 \u20ac Trio : 60 \u20ac 20 \u20ac par tresse suppl\u00e9mentaire Pour chaque tresse, choisissez vos fils. Choisissez vos attaches. Acier inoxydable Pour 15 \u20ac de plus : Dor\u00e9es \u00e0 l&rsquo;or fin ou argent (made in Europe). Fermoirs aimant\u00e9s possibles. Des exemples de r\u00e9alisations. Triple tresse. Une avec 3 fils D,&#8230;<\/p>\n","protected":false},"author":1,"featured_media":0,"parent":0,"menu_order":0,"comment_status":"closed","ping_status":"closed","template":"","meta":{"_monsterinsights_skip_tracking":false,"_monsterinsights_sitenote_active":false,"_monsterinsights_sitenote_note":"","_monsterinsights_sitenote_category":0,"_kad_post_transparent":"","_kad_post_title":"hide","_kad_post_layout":"fullwidth","_kad_post_sidebar_id":"","_kad_post_content_style":"unboxed","_kad_post_vertical_padding":"hide","_kad_post_feature":"hide","_kad_post_feature_position":"","_kad_post_header":false,"_kad_post_footer":false,"footnotes":""},"class_list":["post-1548","page","type-page","status-publish","hentry"],"aioseo_notices":[],"_links":{"self":[{"href":"https:\/\/lelienmagique.fr\/index.php\/wp-json\/wp\/v2\/pages\/1548","targetHints":{"allow":["GET"]}}],"collection":[{"href":"https:\/\/lelienmagique.fr\/index.php\/wp-json\/wp\/v2\/pages"}],"about":[{"href":"https:\/\/lelienmagique.fr\/index.php\/wp-json\/wp\/v2\/types\/page"}],"author":[{"embeddable":true,"href":"https:\/\/lelienmagique.fr\/index.php\/wp-json\/wp\/v2\/users\/1"}],"replies":[{"embeddable":true,"href":"https:\/\/lelienmagique.fr\/index.php\/wp-json\/wp\/v2\/comments?post=1548"}],"version-history":[{"count":33,"href":"https:\/\/lelienmagique.fr\/index.php\/wp-json\/wp\/v2\/pages\/1548\/revisions"}],"predecessor-version":[{"id":1922,"href":"https:\/\/lelienmagique.fr\/index.php\/wp-json\/wp\/v2\/pages\/1548\/revisions\/1922"}],"wp:attachment":[{"href":"https:\/\/lelienmagique.fr\/index.php\/wp-json\/wp\/v2\/media?parent=1548"}],"curies":[{"name":"wp","href":"https:\/\/api.w.org\/{rel}","templated":true}]}}