{"id":1360,"date":"2025-10-25T12:57:36","date_gmt":"2025-10-25T10:57:36","guid":{"rendered":"https:\/\/lelienmagique.fr\/?page_id=1360"},"modified":"2026-01-04T16:18:53","modified_gmt":"2026-01-04T15:18:53","slug":"elementor-1360","status":"publish","type":"page","link":"https:\/\/lelienmagique.fr\/index.php\/elementor-1360\/","title":{"rendered":"Bracelets"},"content":{"rendered":"\t\t<div data-elementor-type=\"wp-page\" data-elementor-id=\"1360\" class=\"elementor elementor-1360\" data-elementor-post-type=\"page\">\n\t\t\t\t<div class=\"elementor-element elementor-element-62769bd e-flex e-con-boxed e-con e-parent\" data-id=\"62769bd\" data-element_type=\"container\">\n\t\t\t\t\t<div class=\"e-con-inner\">\n\t\t\t\t<div class=\"elementor-element elementor-element-6bbcbda elementor-widget elementor-widget-heading\" data-id=\"6bbcbda\" data-element_type=\"widget\" data-widget_type=\"heading.default\">\n\t\t\t\t<div class=\"elementor-widget-container\">\n\t\t\t\t\t<h2 class=\"elementor-heading-title elementor-size-default\">Bracelets<\/h2>\t\t\t\t<\/div>\n\t\t\t\t<\/div>\n\t\t<div class=\"elementor-element elementor-element-09df597 e-con-full e-flex e-con e-child\" data-id=\"09df597\" data-element_type=\"container\">\n\t\t<div class=\"elementor-element elementor-element-70a83d2 e-con-full e-flex e-con e-child\" data-id=\"70a83d2\" data-element_type=\"container\">\n\t\t\t\t<div class=\"elementor-element elementor-element-05072f4 elementor-cta--skin-cover elementor-animated-content elementor-bg-transform elementor-bg-transform-zoom-in elementor-widget elementor-widget-call-to-action\" data-id=\"05072f4\" data-element_type=\"widget\" data-widget_type=\"call-to-action.default\">\n\t\t\t\t<div class=\"elementor-widget-container\">\n\t\t\t\t\t\t\t<div class=\"elementor-cta\">\r\n\t\t\t\t\t<div class=\"elementor-cta__bg-wrapper\">\r\n\t\t\t\t<div class=\"elementor-cta__bg elementor-bg\" style=\"background-image: url(https:\/\/lelienmagique.fr\/wp-content\/uploads\/2025\/11\/IMG_20251115_185223-576x1024.jpg);\" role=\"img\" aria-label=\"\u00c9paisseur m\u00e9dium avec 1 fil D et 1 fil R2 et 1 fil B1\"><\/div>\r\n\t\t\t\t<div class=\"elementor-cta__bg-overlay\"><\/div>\r\n\t\t\t<\/div>\r\n\t\t\t\t\t\t\t<div class=\"elementor-cta__content\">\r\n\t\t\t\t\r\n\t\t\t\t\r\n\t\t\t\t\r\n\t\t\t\t\t\t\t\t\t<div class=\"elementor-cta__button-wrapper elementor-cta__content-item elementor-content-item elementor-animated-item--grow\">\r\n\t\t\t\t\t<a class=\"elementor-cta__button elementor-button elementor-size-\" href=\"https:\/\/lelienmagique.fr\/index.php\/tresse-plate\/\">\r\n\t\t\t\t\t\t Tresse plate\t\t\t\t\t<\/a>\r\n\t\t\t\t\t<\/div>\r\n\t\t\t\t\t\t\t<\/div>\r\n\t\t\t\t\t\t\t<div class=\"elementor-ribbon\">\r\n\t\t\t\t<div class=\"elementor-ribbon-inner\">\r\n\t\t\t\t\t25 \u20ac\t\t\t\t<\/div>\r\n\t\t\t<\/div>\r\n\t\t\t\t<\/div>\r\n\t\t\t\t\t\t<\/div>\n\t\t\t\t<\/div>\n\t\t\t\t<\/div>\n\t\t<div class=\"elementor-element elementor-element-d738f87 e-con-full e-flex e-con e-child\" data-id=\"d738f87\" data-element_type=\"container\">\n\t\t\t\t<div class=\"elementor-element elementor-element-c198f7d elementor-cta--skin-cover elementor-animated-content elementor-bg-transform elementor-bg-transform-zoom-in elementor-widget elementor-widget-call-to-action\" data-id=\"c198f7d\" data-element_type=\"widget\" data-widget_type=\"call-to-action.default\">\n\t\t\t\t<div class=\"elementor-widget-container\">\n\t\t\t\t\t\t\t<div class=\"elementor-cta\">\r\n\t\t\t\t\t<div class=\"elementor-cta__bg-wrapper\">\r\n\t\t\t\t<div class=\"elementor-cta__bg elementor-bg\" style=\"background-image: url(https:\/\/lelienmagique.fr\/wp-content\/uploads\/2025\/11\/IMG_20251015_134653-scaled-e1763833618900-1024x722.jpg);\" role=\"img\" aria-label=\"\u00c9paisseur large sans fils\"><\/div>\r\n\t\t\t\t<div class=\"elementor-cta__bg-overlay\"><\/div>\r\n\t\t\t<\/div>\r\n\t\t\t\t\t\t\t<div class=\"elementor-cta__content\">\r\n\t\t\t\t\r\n\t\t\t\t\r\n\t\t\t\t\r\n\t\t\t\t\t\t\t\t\t<div class=\"elementor-cta__button-wrapper elementor-cta__content-item elementor-content-item elementor-animated-item--grow\">\r\n\t\t\t\t\t<a class=\"elementor-cta__button elementor-button elementor-size-\" href=\"https:\/\/lelienmagique.fr\/index.php\/tresse-ronde\/\">\r\n\t\t\t\t\t\t Tresse ronde\t\t\t\t\t<\/a>\r\n\t\t\t\t\t<\/div>\r\n\t\t\t\t\t\t\t<\/div>\r\n\t\t\t\t\t\t\t<div class=\"elementor-ribbon\">\r\n\t\t\t\t<div class=\"elementor-ribbon-inner\">\r\n\t\t\t\t\t25 \u20ac\t\t\t\t<\/div>\r\n\t\t\t<\/div>\r\n\t\t\t\t<\/div>\r\n\t\t\t\t\t\t<\/div>\n\t\t\t\t<\/div>\n\t\t\t\t<\/div>\n\t\t<div class=\"elementor-element elementor-element-ca8f599 e-con-full e-flex e-con e-child\" data-id=\"ca8f599\" data-element_type=\"container\">\n\t\t\t\t<div class=\"elementor-element elementor-element-8659b9c elementor-cta--skin-cover elementor-animated-content elementor-bg-transform elementor-bg-transform-zoom-in elementor-widget elementor-widget-call-to-action\" data-id=\"8659b9c\" data-element_type=\"widget\" data-widget_type=\"call-to-action.default\">\n\t\t\t\t<div class=\"elementor-widget-container\">\n\t\t\t\t\t\t\t<div class=\"elementor-cta\">\r\n\t\t\t\t\t<div class=\"elementor-cta__bg-wrapper\">\r\n\t\t\t\t<div class=\"elementor-cta__bg elementor-bg\" style=\"background-image: url(https:\/\/lelienmagique.fr\/wp-content\/uploads\/2025\/11\/IMG_20251021_162709-scaled-e1762620188965-1024x651.jpg);\" role=\"img\" aria-label=\"\u00c9paisseur m\u00e9dium avec 2 fils D et 1 fil R.\"><\/div>\r\n\t\t\t\t<div class=\"elementor-cta__bg-overlay\"><\/div>\r\n\t\t\t<\/div>\r\n\t\t\t\t\t\t\t<div class=\"elementor-cta__content\">\r\n\t\t\t\t\r\n\t\t\t\t\r\n\t\t\t\t\r\n\t\t\t\t\t\t\t\t\t<div class=\"elementor-cta__button-wrapper elementor-cta__content-item elementor-content-item elementor-animated-item--grow\">\r\n\t\t\t\t\t<a class=\"elementor-cta__button elementor-button elementor-size-\" href=\"https:\/\/lelienmagique.fr\/index.php\/tresse-plate-infinity\/\">\r\n\t\t\t\t\t\t Tresse plate infinity\t\t\t\t\t<\/a>\r\n\t\t\t\t\t<\/div>\r\n\t\t\t\t\t\t\t<\/div>\r\n\t\t\t\t\t\t\t<div class=\"elementor-ribbon\">\r\n\t\t\t\t<div class=\"elementor-ribbon-inner\">\r\n\t\t\t\t\t30 \u20ac\t\t\t\t<\/div>\r\n\t\t\t<\/div>\r\n\t\t\t\t<\/div>\r\n\t\t\t\t\t\t<\/div>\n\t\t\t\t<\/div>\n\t\t\t\t<\/div>\n\t\t\t\t<\/div>\n\t\t<div class=\"elementor-element elementor-element-368facf e-con-full e-flex e-con e-child\" data-id=\"368facf\" data-element_type=\"container\">\n\t\t<div class=\"elementor-element elementor-element-f12a5f0 e-con-full e-flex e-con e-child\" data-id=\"f12a5f0\" data-element_type=\"container\">\n\t\t\t\t<div class=\"elementor-element elementor-element-3c94c2b elementor-cta--skin-cover elementor-animated-content elementor-bg-transform elementor-bg-transform-zoom-in elementor-widget elementor-widget-call-to-action\" data-id=\"3c94c2b\" data-element_type=\"widget\" data-widget_type=\"call-to-action.default\">\n\t\t\t\t<div class=\"elementor-widget-container\">\n\t\t\t\t\t\t\t<div class=\"elementor-cta\">\r\n\t\t\t\t\t<div class=\"elementor-cta__bg-wrapper\">\r\n\t\t\t\t<div class=\"elementor-cta__bg elementor-bg\" style=\"background-image: url(https:\/\/lelienmagique.fr\/wp-content\/uploads\/2025\/11\/IMG_20251015_134825-scaled-e1762620493984-1024x777.jpg);\" role=\"img\" aria-label=\"Triple tresse, r\u00e9alis\u00e9e avec les crins de trois chevaux. Une avec 3 fils D, l&#039;autre avec 1 fil R2, 1 fil B1 et 1fil D et la troisi\u00e8me avec 3 fils B1\"><\/div>\r\n\t\t\t\t<div class=\"elementor-cta__bg-overlay\"><\/div>\r\n\t\t\t<\/div>\r\n\t\t\t\t\t\t\t<div class=\"elementor-cta__content\">\r\n\t\t\t\t\r\n\t\t\t\t\r\n\t\t\t\t\r\n\t\t\t\t\t\t\t\t\t<div class=\"elementor-cta__button-wrapper elementor-cta__content-item elementor-content-item elementor-animated-item--grow\">\r\n\t\t\t\t\t<a class=\"elementor-cta__button elementor-button elementor-size-\" href=\"https:\/\/lelienmagique.fr\/index.php\/tresses-multiples\/\">\r\n\t\t\t\t\t\t Tresses multiples\t\t\t\t\t<\/a>\r\n\t\t\t\t\t<\/div>\r\n\t\t\t\t\t\t\t<\/div>\r\n\t\t\t\t\t\t\t<div class=\"elementor-ribbon\">\r\n\t\t\t\t<div class=\"elementor-ribbon-inner\">\r\n\t\t\t\t\tA partir de 40 \u20ac\t\t\t\t<\/div>\r\n\t\t\t<\/div>\r\n\t\t\t\t<\/div>\r\n\t\t\t\t\t\t<\/div>\n\t\t\t\t<\/div>\n\t\t\t\t<\/div>\n\t\t<div class=\"elementor-element elementor-element-cd2f175 e-con-full e-flex e-con e-child\" data-id=\"cd2f175\" data-element_type=\"container\">\n\t\t\t\t<div class=\"elementor-element elementor-element-cbf4fef elementor-cta--skin-cover elementor-animated-content elementor-bg-transform elementor-bg-transform-zoom-in elementor-widget elementor-widget-call-to-action\" data-id=\"cbf4fef\" data-element_type=\"widget\" data-widget_type=\"call-to-action.default\">\n\t\t\t\t<div class=\"elementor-widget-container\">\n\t\t\t\t\t\t\t<div class=\"elementor-cta\">\r\n\t\t\t\t\t<div class=\"elementor-cta__bg-wrapper\">\r\n\t\t\t\t<div class=\"elementor-cta__bg elementor-bg\" style=\"background-image: url(https:\/\/lelienmagique.fr\/wp-content\/uploads\/2025\/11\/IMG_20251015_152646-1024x576.jpg);\" role=\"img\" aria-label=\"Bracelet tiss\u00e9 r\u00e9alis\u00e9 en crins de cheval\"><\/div>\r\n\t\t\t\t<div class=\"elementor-cta__bg-overlay\"><\/div>\r\n\t\t\t<\/div>\r\n\t\t\t\t\t\t\t<div class=\"elementor-cta__content\">\r\n\t\t\t\t\r\n\t\t\t\t\r\n\t\t\t\t\r\n\t\t\t\t\t\t\t\t\t<div class=\"elementor-cta__button-wrapper elementor-cta__content-item elementor-content-item elementor-animated-item--grow\">\r\n\t\t\t\t\t<a class=\"elementor-cta__button elementor-button elementor-size-\" href=\"https:\/\/lelienmagique.fr\/index.php\/tisse\/\">\r\n\t\t\t\t\t\t Tiss\u00e9\t\t\t\t\t<\/a>\r\n\t\t\t\t\t<\/div>\r\n\t\t\t\t\t\t\t<\/div>\r\n\t\t\t\t\t\t\t<div class=\"elementor-ribbon\">\r\n\t\t\t\t<div class=\"elementor-ribbon-inner\">\r\n\t\t\t\t\t90 \u20ac\t\t\t\t<\/div>\r\n\t\t\t<\/div>\r\n\t\t\t\t<\/div>\r\n\t\t\t\t\t\t<\/div>\n\t\t\t\t<\/div>\n\t\t\t\t<\/div>\n\t\t\t\t<\/div>\n\t\t<div class=\"elementor-element elementor-element-df2e667 e-con-full e-flex e-con e-child\" data-id=\"df2e667\" data-element_type=\"container\">\n\t\t\t\t<div class=\"elementor-element elementor-element-05a61ef elementor-widget elementor-widget-deensimc-smooth-text\" data-id=\"05a61ef\" data-element_type=\"widget\" data-widget_type=\"deensimc-smooth-text.default\">\n\t\t\t\t<div class=\"elementor-widget-container\">\n\t\t\t\t\t\t\t<div class=\"deensimc-marquee-main-container deensimc-text-marquee\n\t\tdeensimc-marquee-edge-shadow\"\n\t\t\tdata-marquee-speed=\"10\"\n\t\t\tdata-track-fill=\"yes\"\n\t\t\tdata-track-item-selector=\".deensimc-text-wrapper\"\n\t\t\tdata-track-target-horizontal=\"2560\"\t\t\t>\n\t\t\t<div class=\"deensimc-marquee-track-wrapper\">\n\t\t\t\t<div class=\"deensimc-marquee-track\">\n\t\t\t\t\t\t\t\t<div class=\"deensimc-text-wrapper\" aria-hidden=\"false\">\n\t\t\t\t\t\t\t\t\t\t\t\t\t<p class=\"deensimc-scroll-text\">\n\t\t\t\t\t\t<a\n\t\t\t\t\t\t\tclass=\"deensimc-scroll-text\"\n\t\t\t\t\t\t\thref=\"https:\/\/lelienmagique.fr\/index.php\/mes-offres-speciales\/\">\n\t\t\t\t\t\t\tLes offres sp\u00e9ciales, c&#039;est par ici !\t\t\t\t\t\t<\/a>\n\t\t\t\t\t<\/p>\n\t\t\t\t\t\t\t<\/div>\n\t\t\t\t\t\t<\/div>\n\t\t\t\t<div aria-hidden=\"true\" class=\"deensimc-marquee-track\">\n\t\t\t\t\t\t\t\t<div class=\"deensimc-text-wrapper\" aria-hidden=\"false\">\n\t\t\t\t\t\t\t\t\t\t\t\t\t<p class=\"deensimc-scroll-text\">\n\t\t\t\t\t\t<a\n\t\t\t\t\t\t\tclass=\"deensimc-scroll-text\"\n\t\t\t\t\t\t\thref=\"https:\/\/lelienmagique.fr\/index.php\/mes-offres-speciales\/\">\n\t\t\t\t\t\t\tLes offres sp\u00e9ciales, c&#039;est par ici !\t\t\t\t\t\t<\/a>\n\t\t\t\t\t<\/p>\n\t\t\t\t\t\t\t<\/div>\n\t\t\t\t\t\t<\/div>\n\t\t\t<\/div>\n\t\t<\/div>\n\t\t\t\t<\/div>\n\t\t\t\t<\/div>\n\t\t\t\t<noscript>\n\t\t\t<div class=\"deensimc-noscript-notice\" role=\"note\">\n\t\t\t\tThis section requires JavaScript to load properly. Please enable JavaScript in your browser and reload the page.\t\t\t<\/div>\n\t\t<\/noscript>\n\t\t<\/div>\n\t\t\t\t\t<\/div>\n\t\t\t\t<\/div>\n\t\t\t\t<\/div>\n\t\t","protected":false},"excerpt":{"rendered":"<p>Bracelets Tresse plate 25 \u20ac Tresse ronde 25 \u20ac Tresse plate infinity 30 \u20ac Tresses multiples A partir de 40 \u20ac Tiss\u00e9 90 \u20ac Les offres sp\u00e9ciales, c&#039;est par ici ! Les offres sp\u00e9ciales, c&#039;est par ici ! Les offres sp\u00e9ciales, c&#039;est par ici ! Les offres sp\u00e9ciales, c&#039;est par ici ! Les offres sp\u00e9ciales,&#8230;<\/p>\n","protected":false},"author":1,"featured_media":0,"parent":0,"menu_order":0,"comment_status":"closed","ping_status":"closed","template":"","meta":{"_monsterinsights_skip_tracking":false,"_monsterinsights_sitenote_active":false,"_monsterinsights_sitenote_note":"","_monsterinsights_sitenote_category":0,"_kad_post_transparent":"","_kad_post_title":"hide","_kad_post_layout":"fullwidth","_kad_post_sidebar_id":"","_kad_post_content_style":"unboxed","_kad_post_vertical_padding":"hide","_kad_post_feature":"hide","_kad_post_feature_position":"","_kad_post_header":false,"_kad_post_footer":false,"footnotes":""},"class_list":["post-1360","page","type-page","status-publish","hentry"],"aioseo_notices":[],"_links":{"self":[{"href":"https:\/\/lelienmagique.fr\/index.php\/wp-json\/wp\/v2\/pages\/1360","targetHints":{"allow":["GET"]}}],"collection":[{"href":"https:\/\/lelienmagique.fr\/index.php\/wp-json\/wp\/v2\/pages"}],"about":[{"href":"https:\/\/lelienmagique.fr\/index.php\/wp-json\/wp\/v2\/types\/page"}],"author":[{"embeddable":true,"href":"https:\/\/lelienmagique.fr\/index.php\/wp-json\/wp\/v2\/users\/1"}],"replies":[{"embeddable":true,"href":"https:\/\/lelienmagique.fr\/index.php\/wp-json\/wp\/v2\/comments?post=1360"}],"version-history":[{"count":40,"href":"https:\/\/lelienmagique.fr\/index.php\/wp-json\/wp\/v2\/pages\/1360\/revisions"}],"predecessor-version":[{"id":1901,"href":"https:\/\/lelienmagique.fr\/index.php\/wp-json\/wp\/v2\/pages\/1360\/revisions\/1901"}],"wp:attachment":[{"href":"https:\/\/lelienmagique.fr\/index.php\/wp-json\/wp\/v2\/media?parent=1360"}],"curies":[{"name":"wp","href":"https:\/\/api.w.org\/{rel}","templated":true}]}}